{"id":6111,"date":"2025-05-09T07:37:00","date_gmt":"2025-05-09T07:37:00","guid":{"rendered":"https:\/\/www.agrarsystems.nl\/?page_id=6111"},"modified":"2025-10-23T09:39:46","modified_gmt":"2025-10-23T09:39:46","slug":"offene-stellen","status":"publish","type":"page","link":"https:\/\/www.agrarsystems.nl\/de\/offene-stellen\/","title":{"rendered":"Offene Stellen"},"content":{"rendered":"\n<p>Bei Agrar Systems sind wir immer auf der Suche nach Fachkr\u00e4ften! Auch f\u00fcr Praktikanten ist Platz, denn wir sind ein anerkannter Ausbildungsbetrieb.<br>Gibt es derzeit keine offenen Stellen? Dann k\u00f6nnen Sie jederzeit eine Initiativbewerbung einreichen.<\/p>\n\n\n\n<h2 class=\"wp-block-heading is-style-borderleft\">Stellenangebot Servicetechniker<\/h2>\n\n\n\n<ol start=\"20\" class=\"wp-block-list\">\n<li>Oktober 2025<\/li>\n<\/ol>\n\n\n\n<p>Agrar Systems ist ein international t\u00e4tiges Unternehmen. Wir produzieren und vertreiben Maschinen f\u00fcr den Ackerbau und die Industrie. Au\u00dferdem bieten wir Reparatur- und Serviceleistungen f\u00fcr diese Maschinen an.<\/p>\n\n\n\n<p>Agrar Systems sucht Servicetechniker f\u00fcr die Reparatur und Installation einer breiten Palette von Maschinen f\u00fcr den landwirtschaftlichen und industriellen Markt.<\/p>\n\n\n\n<p>Auch als BBL-Student bist du bei Agrar Systems willkommen!<\/p>\n\n\n\n<p><strong>Anforderungen:<\/strong><\/p>\n\n\n\n<ul class=\"wp-block-list\">\n<li>MBO-Abschluss im Bereich Technik<\/li>\n\n\n\n<li>Kenntnisse in Elektrotechnik und Mechanik<\/li>\n\n\n\n<li>Affinit\u00e4t zur Landwirtschaft<\/li>\n\n\n\n<li>Teamplayer<\/li>\n\n\n\n<li>Keine 9-to-5-Mentalit\u00e4t<\/li>\n\n\n\n<li>Selbstst\u00e4ndiges Arbeiten<\/li>\n\n\n\n<li>Mindestens F\u00fchrerschein Klasse B<\/li>\n\n\n\n<li>Kenntnisse der englischen und deutschen Sprache sind von Vorteil<\/li>\n<\/ul>\n\n\n\n<p><strong>Wir bieten:<\/strong><\/p>\n\n\n\n<ul class=\"wp-block-list\">\n<li>Eine abwechslungsreiche T\u00e4tigkeit in einem wachsenden Unternehmen <\/li>\n\n\n\n<li>Viel Freiheit und Eigenverantwortung <\/li>\n\n\n\n<li>Kontakt zu Kunden auf der ganzen Welt<\/li>\n\n\n\n<li>Markt\u00fcbliches Gehalt, gute Sozialleistungen und Aufstiegsm\u00f6glichkeiten <\/li>\n\n\n\n<li>Ein kollegiales Team mit kurzen Kommunikationswegen und einer informellen Arbeitsatmosph\u00e4re <\/li>\n<\/ul>\n\n\n\n<p><strong>Interessiert?<\/strong><\/p>\n\n\n\n<p>Haben Sie Interesse, m\u00f6chten Sie weitere Informationen oder einem Termin f\u00fcr dieses interessante und herausfordernde Stellenangebot vereinbaren?<\/p>\n\n\n\n<p>Dann wenden Sie sich bitte an Harco Christiaens, Tel.: 06- 20 00 64 11 oder E-Mail: harco@agrarsystems.nl<\/p>\n\n\n\n<figure class=\"wp-block-image size-large\"><img fetchpriority=\"high\" decoding=\"async\" width=\"724\" height=\"1024\" src=\"https:\/\/www.agrarsystems.nl\/wp-content\/uploads\/2025\/10\/Afbeelding-2-724x1024.png\" alt=\"\" class=\"wp-image-6528\" srcset=\"https:\/\/www.agrarsystems.nl\/wp-content\/uploads\/2025\/10\/Afbeelding-2-724x1024.png 724w, https:\/\/www.agrarsystems.nl\/wp-content\/uploads\/2025\/10\/Afbeelding-2-212x300.png 212w, https:\/\/www.agrarsystems.nl\/wp-content\/uploads\/2025\/10\/Afbeelding-2-768x1087.png 768w, https:\/\/www.agrarsystems.nl\/wp-content\/uploads\/2025\/10\/Afbeelding-2-1086x1536.png 1086w, https:\/\/www.agrarsystems.nl\/wp-content\/uploads\/2025\/10\/Afbeelding-2.png 1357w\" sizes=\"(max-width: 724px) 100vw, 724px\" \/><\/figure>\n","protected":false},"excerpt":{"rendered":"<p>Bei Agrar Systems sind wir immer auf der Suche nach Fachkr\u00e4ften! Auch f\u00fcr Praktikanten ist Platz, denn wir sind ein anerkannter Ausbildungsbetrieb.Gibt es derzeit keine offenen Stellen? Dann k\u00f6nnen Sie jederzeit eine Initiativbewerbung einreichen. Stellenangebot Servicetechniker Agrar Systems ist ein international t\u00e4tiges Unternehmen. Wir produzieren und vertreiben Maschinen f\u00fcr den Ackerbau und die Industrie. Au\u00dferdem [&hellip;]<\/p>\n","protected":false},"author":6,"featured_media":0,"parent":0,"menu_order":0,"comment_status":"closed","ping_status":"closed","template":"","meta":{"inline_featured_image":false,"footnotes":""},"class_list":["post-6111","page","type-page","status-publish","hentry"],"yoast_head":"<!-- This site is optimized with the Yoast SEO plugin v27.6 - https:\/\/yoast.com\/product\/yoast-seo-wordpress\/ -->\n<title>Offene Stellen - Agrar Systems<\/title>\n<meta name=\"robots\" content=\"index, follow, max-snippet:-1, max-image-preview:large, max-video-preview:-1\" \/>\n<link rel=\"canonical\" href=\"https:\/\/www.agrarsystems.nl\/de\/offene-stellen\/\" \/>\n<meta property=\"og:locale\" content=\"de_DE\" \/>\n<meta property=\"og:type\" content=\"article\" \/>\n<meta property=\"og:title\" content=\"Offene Stellen - Agrar Systems\" \/>\n<meta property=\"og:description\" content=\"Bei Agrar Systems sind wir immer auf der Suche nach Fachkr\u00e4ften! Auch f\u00fcr Praktikanten ist Platz, denn wir sind ein anerkannter Ausbildungsbetrieb.Gibt es derzeit keine offenen Stellen? Dann k\u00f6nnen Sie jederzeit eine Initiativbewerbung einreichen. Stellenangebot Servicetechniker Agrar Systems ist ein international t\u00e4tiges Unternehmen. Wir produzieren und vertreiben Maschinen f\u00fcr den Ackerbau und die Industrie. Au\u00dferdem [&hellip;]\" \/>\n<meta property=\"og:url\" content=\"https:\/\/www.agrarsystems.nl\/de\/offene-stellen\/\" \/>\n<meta property=\"og:site_name\" content=\"Agrar Systems\" \/>\n<meta property=\"article:modified_time\" content=\"2025-10-23T09:39:46+00:00\" \/>\n<meta property=\"og:image\" content=\"https:\/\/www.agrarsystems.nl\/wp-content\/uploads\/2025\/10\/Afbeelding-2-724x1024.png\" \/>\n<meta name=\"twitter:card\" content=\"summary_large_image\" \/>\n<meta name=\"twitter:label1\" content=\"Est. reading time\" \/>\n\t<meta name=\"twitter:data1\" content=\"2 minutes\" \/>\n<script type=\"application\/ld+json\" class=\"yoast-schema-graph\">{\"@context\":\"https:\\\/\\\/schema.org\",\"@graph\":[{\"@type\":\"WebPage\",\"@id\":\"https:\\\/\\\/www.agrarsystems.nl\\\/de\\\/offene-stellen\\\/\",\"url\":\"https:\\\/\\\/www.agrarsystems.nl\\\/de\\\/offene-stellen\\\/\",\"name\":\"Offene Stellen - Agrar Systems\",\"isPartOf\":{\"@id\":\"https:\\\/\\\/www.agrarsystems.nl\\\/de\\\/#website\"},\"primaryImageOfPage\":{\"@id\":\"https:\\\/\\\/www.agrarsystems.nl\\\/de\\\/offene-stellen\\\/#primaryimage\"},\"image\":{\"@id\":\"https:\\\/\\\/www.agrarsystems.nl\\\/de\\\/offene-stellen\\\/#primaryimage\"},\"thumbnailUrl\":\"https:\\\/\\\/www.agrarsystems.nl\\\/wp-content\\\/uploads\\\/2025\\\/10\\\/Afbeelding-2-724x1024.png\",\"datePublished\":\"2025-05-09T07:37:00+00:00\",\"dateModified\":\"2025-10-23T09:39:46+00:00\",\"breadcrumb\":{\"@id\":\"https:\\\/\\\/www.agrarsystems.nl\\\/de\\\/offene-stellen\\\/#breadcrumb\"},\"inLanguage\":\"de-DE\",\"potentialAction\":[{\"@type\":\"ReadAction\",\"target\":[\"https:\\\/\\\/www.agrarsystems.nl\\\/de\\\/offene-stellen\\\/\"]}]},{\"@type\":\"ImageObject\",\"inLanguage\":\"de-DE\",\"@id\":\"https:\\\/\\\/www.agrarsystems.nl\\\/de\\\/offene-stellen\\\/#primaryimage\",\"url\":\"https:\\\/\\\/www.agrarsystems.nl\\\/wp-content\\\/uploads\\\/2025\\\/10\\\/Afbeelding-2-724x1024.png\",\"contentUrl\":\"https:\\\/\\\/www.agrarsystems.nl\\\/wp-content\\\/uploads\\\/2025\\\/10\\\/Afbeelding-2-724x1024.png\"},{\"@type\":\"BreadcrumbList\",\"@id\":\"https:\\\/\\\/www.agrarsystems.nl\\\/de\\\/offene-stellen\\\/#breadcrumb\",\"itemListElement\":[{\"@type\":\"ListItem\",\"position\":1,\"name\":\"Home\",\"item\":\"https:\\\/\\\/www.agrarsystems.nl\\\/de\\\/\"},{\"@type\":\"ListItem\",\"position\":2,\"name\":\"Offene Stellen\"}]},{\"@type\":\"WebSite\",\"@id\":\"https:\\\/\\\/www.agrarsystems.nl\\\/de\\\/#website\",\"url\":\"https:\\\/\\\/www.agrarsystems.nl\\\/de\\\/\",\"name\":\"Agrar Systems\",\"description\":\"Uw betrouwbare service partner voor al u agrarische vraagstukken!\",\"potentialAction\":[{\"@type\":\"SearchAction\",\"target\":{\"@type\":\"EntryPoint\",\"urlTemplate\":\"https:\\\/\\\/www.agrarsystems.nl\\\/de\\\/?s={search_term_string}\"},\"query-input\":{\"@type\":\"PropertyValueSpecification\",\"valueRequired\":true,\"valueName\":\"search_term_string\"}}],\"inLanguage\":\"de-DE\"}]}<\/script>\n<!-- \/ Yoast SEO plugin. -->","yoast_head_json":{"title":"Offene Stellen - Agrar Systems","robots":{"index":"index","follow":"follow","max-snippet":"max-snippet:-1","max-image-preview":"max-image-preview:large","max-video-preview":"max-video-preview:-1"},"canonical":"https:\/\/www.agrarsystems.nl\/de\/offene-stellen\/","og_locale":"de_DE","og_type":"article","og_title":"Offene Stellen - Agrar Systems","og_description":"Bei Agrar Systems sind wir immer auf der Suche nach Fachkr\u00e4ften! Auch f\u00fcr Praktikanten ist Platz, denn wir sind ein anerkannter Ausbildungsbetrieb.Gibt es derzeit keine offenen Stellen? Dann k\u00f6nnen Sie jederzeit eine Initiativbewerbung einreichen. Stellenangebot Servicetechniker Agrar Systems ist ein international t\u00e4tiges Unternehmen. Wir produzieren und vertreiben Maschinen f\u00fcr den Ackerbau und die Industrie. Au\u00dferdem [&hellip;]","og_url":"https:\/\/www.agrarsystems.nl\/de\/offene-stellen\/","og_site_name":"Agrar Systems","article_modified_time":"2025-10-23T09:39:46+00:00","og_image":[{"url":"https:\/\/www.agrarsystems.nl\/wp-content\/uploads\/2025\/10\/Afbeelding-2-724x1024.png","type":"","width":"","height":""}],"twitter_card":"summary_large_image","twitter_misc":{"Est. reading time":"2 minutes"},"schema":{"@context":"https:\/\/schema.org","@graph":[{"@type":"WebPage","@id":"https:\/\/www.agrarsystems.nl\/de\/offene-stellen\/","url":"https:\/\/www.agrarsystems.nl\/de\/offene-stellen\/","name":"Offene Stellen - Agrar Systems","isPartOf":{"@id":"https:\/\/www.agrarsystems.nl\/de\/#website"},"primaryImageOfPage":{"@id":"https:\/\/www.agrarsystems.nl\/de\/offene-stellen\/#primaryimage"},"image":{"@id":"https:\/\/www.agrarsystems.nl\/de\/offene-stellen\/#primaryimage"},"thumbnailUrl":"https:\/\/www.agrarsystems.nl\/wp-content\/uploads\/2025\/10\/Afbeelding-2-724x1024.png","datePublished":"2025-05-09T07:37:00+00:00","dateModified":"2025-10-23T09:39:46+00:00","breadcrumb":{"@id":"https:\/\/www.agrarsystems.nl\/de\/offene-stellen\/#breadcrumb"},"inLanguage":"de-DE","potentialAction":[{"@type":"ReadAction","target":["https:\/\/www.agrarsystems.nl\/de\/offene-stellen\/"]}]},{"@type":"ImageObject","inLanguage":"de-DE","@id":"https:\/\/www.agrarsystems.nl\/de\/offene-stellen\/#primaryimage","url":"https:\/\/www.agrarsystems.nl\/wp-content\/uploads\/2025\/10\/Afbeelding-2-724x1024.png","contentUrl":"https:\/\/www.agrarsystems.nl\/wp-content\/uploads\/2025\/10\/Afbeelding-2-724x1024.png"},{"@type":"BreadcrumbList","@id":"https:\/\/www.agrarsystems.nl\/de\/offene-stellen\/#breadcrumb","itemListElement":[{"@type":"ListItem","position":1,"name":"Home","item":"https:\/\/www.agrarsystems.nl\/de\/"},{"@type":"ListItem","position":2,"name":"Offene Stellen"}]},{"@type":"WebSite","@id":"https:\/\/www.agrarsystems.nl\/de\/#website","url":"https:\/\/www.agrarsystems.nl\/de\/","name":"Agrar Systems","description":"Uw betrouwbare service partner voor al u agrarische vraagstukken!","potentialAction":[{"@type":"SearchAction","target":{"@type":"EntryPoint","urlTemplate":"https:\/\/www.agrarsystems.nl\/de\/?s={search_term_string}"},"query-input":{"@type":"PropertyValueSpecification","valueRequired":true,"valueName":"search_term_string"}}],"inLanguage":"de-DE"}]}},"_links":{"self":[{"href":"https:\/\/www.agrarsystems.nl\/de\/wp-json\/wp\/v2\/pages\/6111","targetHints":{"allow":["GET"]}}],"collection":[{"href":"https:\/\/www.agrarsystems.nl\/de\/wp-json\/wp\/v2\/pages"}],"about":[{"href":"https:\/\/www.agrarsystems.nl\/de\/wp-json\/wp\/v2\/types\/page"}],"author":[{"embeddable":true,"href":"https:\/\/www.agrarsystems.nl\/de\/wp-json\/wp\/v2\/users\/6"}],"replies":[{"embeddable":true,"href":"https:\/\/www.agrarsystems.nl\/de\/wp-json\/wp\/v2\/comments?post=6111"}],"version-history":[{"count":5,"href":"https:\/\/www.agrarsystems.nl\/de\/wp-json\/wp\/v2\/pages\/6111\/revisions"}],"predecessor-version":[{"id":6531,"href":"https:\/\/www.agrarsystems.nl\/de\/wp-json\/wp\/v2\/pages\/6111\/revisions\/6531"}],"wp:attachment":[{"href":"https:\/\/www.agrarsystems.nl\/de\/wp-json\/wp\/v2\/media?parent=6111"}],"curies":[{"name":"wp","href":"https:\/\/api.w.org\/{rel}","templated":true}]}}