{"id":4846,"date":"2023-12-20T14:43:24","date_gmt":"2023-12-20T14:43:24","guid":{"rendered":"https:\/\/www.agrarsystems.nl\/schouten\/"},"modified":"2024-11-27T17:50:06","modified_gmt":"2024-11-27T17:50:06","slug":"schouten","status":"publish","type":"page","link":"https:\/\/www.agrarsystems.nl\/de\/schouten\/","title":{"rendered":"Schouten"},"content":{"rendered":"\n<h2 class=\"wp-block-heading is-style-borderleft has-medium-font-size\">Sortierer<\/h2>\n\n\n\n<p>Die Schouten Optica Q und Optica CS sind kompakte Qualit\u00e4tssortierer. Die Kartoffeln werden auf den Millimeter genau sortiert. Eine Kapazit\u00e4t von bis zu 15 Tonnen Pflanzkartoffeln pro Stunde ist m\u00f6glich.<\/p>\n\n\n\n<p>Die Schouten-Sortiermaschinen sind einfach in Kombination mit Maschinen anderer Marken zu verwenden.<\/p>\n\n\n\n<figure class=\"wp-block-gallery has-nested-images columns-default is-cropped wp-block-gallery-1 is-layout-flex wp-block-gallery-is-layout-flex\">\n<figure class=\"wp-block-image size-large\"><img fetchpriority=\"high\" decoding=\"async\" width=\"1024\" height=\"683\" data-id=\"5601\" src=\"https:\/\/www.agrarsystems.nl\/wp-content\/uploads\/2024\/11\/Afbeelding-47-1024x683.jpeg\" alt=\"\" class=\"wp-image-5601\" srcset=\"https:\/\/www.agrarsystems.nl\/wp-content\/uploads\/2024\/11\/Afbeelding-47-1024x683.jpeg 1024w, https:\/\/www.agrarsystems.nl\/wp-content\/uploads\/2024\/11\/Afbeelding-47-300x200.jpeg 300w, https:\/\/www.agrarsystems.nl\/wp-content\/uploads\/2024\/11\/Afbeelding-47-768x512.jpeg 768w, https:\/\/www.agrarsystems.nl\/wp-content\/uploads\/2024\/11\/Afbeelding-47.jpeg 1500w\" sizes=\"(max-width: 1024px) 100vw, 1024px\" \/><\/figure>\n<\/figure>\n\n\n\n<hr class=\"wp-block-separator has-alpha-channel-opacity\"\/>\n\n\n\n<p>Wenn Sie weitere Informationen w\u00fcnschen, nehmen Sie bitte Kontakt mit uns auf oder f\u00fcllen Sie das unten stehende Formular aus:<\/p>\n\n\n<div class=\"wpforms-container wpforms-container-full wpforms-block wpforms-block-18a0f495-53df-4a41-8e1e-158054aefdef\" id=\"wpforms-267\"><form id=\"wpforms-form-267\" class=\"wpforms-validate wpforms-form wpforms-ajax-form\" data-formid=\"267\" method=\"post\" enctype=\"multipart\/form-data\" action=\"\/de\/wp-json\/wp\/v2\/pages\/4846\" data-token=\"70189f431d9d59e366e34d2f219075e1\" data-token-time=\"1778699781\"><noscript class=\"wpforms-error-noscript\">Please enable JavaScript in your browser to complete this form.<\/noscript><div class=\"wpforms-field-container\"><div id=\"wpforms-267-field_3-container\" class=\"wpforms-field wpforms-field-text wpforms-one-half wpforms-first\" data-field-id=\"3\"><label class=\"wpforms-field-label wpforms-label-hide\" for=\"wpforms-267-field_3\">Name<\/label><input type=\"text\" id=\"wpforms-267-field_3\" class=\"wpforms-field-large\" name=\"wpforms[fields][3]\" placeholder=\"Name\" ><\/div><div id=\"wpforms-267-field_4-container\" class=\"wpforms-field wpforms-field-text wpforms-one-half\" data-field-id=\"4\"><label class=\"wpforms-field-label wpforms-label-hide\" for=\"wpforms-267-field_4\">Name der Firma<\/label><input type=\"text\" id=\"wpforms-267-field_4\" class=\"wpforms-field-large\" name=\"wpforms[fields][4]\" placeholder=\"Name der Firma\" ><\/div><div id=\"wpforms-267-field_1-container\" class=\"wpforms-field wpforms-field-email wpforms-one-half wpforms-first\" data-field-id=\"1\"><label class=\"wpforms-field-label wpforms-label-hide\" for=\"wpforms-267-field_1\">E-Mail-Addresse <span class=\"wpforms-required-label\">*<\/span><\/label><input type=\"email\" id=\"wpforms-267-field_1\" class=\"wpforms-field-large wpforms-field-required\" name=\"wpforms[fields][1]\" placeholder=\"E-Mail-Addresse\" spellcheck=\"false\" required><\/div><div id=\"wpforms-267-field_5-container\" class=\"wpforms-field wpforms-field-text wpforms-one-half\" data-field-id=\"5\"><label class=\"wpforms-field-label wpforms-label-hide\" for=\"wpforms-267-field_5\">Telefonnummer<\/label><input type=\"text\" id=\"wpforms-267-field_5\" class=\"wpforms-field-large\" name=\"wpforms[fields][5]\" placeholder=\"Telefonnummer\" ><\/div><div id=\"wpforms-267-field_2-container\" class=\"wpforms-field wpforms-field-textarea\" data-field-id=\"2\"><label class=\"wpforms-field-label wpforms-label-hide\" for=\"wpforms-267-field_2\">Anmerkung<\/label><textarea id=\"wpforms-267-field_2\" class=\"wpforms-field-medium\" name=\"wpforms[fields][2]\" placeholder=\"Anmerkung\" ><\/textarea><\/div><\/div><!-- .wpforms-field-container --><div class=\"wpforms-recaptcha-container wpforms-is-recaptcha wpforms-is-recaptcha-type-v3\" ><input type=\"hidden\" name=\"wpforms[recaptcha]\" value=\"\"><\/div><div class=\"wpforms-submit-container\" ><input type=\"hidden\" name=\"wpforms[id]\" value=\"267\"><input type=\"hidden\" name=\"page_title\" value=\"\"><input type=\"hidden\" name=\"page_url\" value=\"https:\/\/www.agrarsystems.nl\/de\/wp-json\/wp\/v2\/pages\/4846\"><input type=\"hidden\" name=\"url_referer\" value=\"\"><button type=\"submit\" name=\"wpforms[submit]\" id=\"wpforms-submit-267\" class=\"wpforms-submit\" data-alt-text=\"Senden...\" data-submit-text=\"Senden\" aria-live=\"assertive\" value=\"wpforms-submit\">Senden<\/button><img decoding=\"async\" data-src=\"https:\/\/www.agrarsystems.nl\/wp-content\/plugins\/wpforms-lite\/assets\/images\/submit-spin.svg\" class=\"wpforms-submit-spinner lazyload\" style=\"--smush-placeholder-width: 26px; --smush-placeholder-aspect-ratio: 26\/26;display: none;\" width=\"26\" height=\"26\" alt=\"Loading\" src=\"data:image\/svg+xml;base64,PHN2ZyB3aWR0aD0iMSIgaGVpZ2h0PSIxIiB4bWxucz0iaHR0cDovL3d3dy53My5vcmcvMjAwMC9zdmciPjwvc3ZnPg==\"><\/div><\/form><\/div>  <!-- .wpforms-container -->","protected":false},"excerpt":{"rendered":"<p>Sortierer Die Schouten Optica Q und Optica CS sind kompakte Qualit\u00e4tssortierer. Die Kartoffeln werden auf den Millimeter genau sortiert. Eine Kapazit\u00e4t von bis zu 15 Tonnen Pflanzkartoffeln pro Stunde ist m\u00f6glich. Die Schouten-Sortiermaschinen sind einfach in Kombination mit Maschinen anderer Marken zu verwenden. Wenn Sie weitere Informationen w\u00fcnschen, nehmen Sie bitte Kontakt mit uns auf [&hellip;]<\/p>\n","protected":false},"author":6,"featured_media":0,"parent":0,"menu_order":0,"comment_status":"closed","ping_status":"closed","template":"page-sidebar-contact.php","meta":{"inline_featured_image":false,"footnotes":""},"class_list":["post-4846","page","type-page","status-publish","hentry"],"yoast_head":"<!-- This site is optimized with the Yoast SEO plugin v27.6 - https:\/\/yoast.com\/product\/yoast-seo-wordpress\/ -->\n<title>Schouten - Agrar Systems<\/title>\n<meta name=\"robots\" content=\"index, follow, max-snippet:-1, max-image-preview:large, max-video-preview:-1\" \/>\n<link rel=\"canonical\" href=\"https:\/\/www.agrarsystems.nl\/de\/schouten\/\" \/>\n<meta property=\"og:locale\" content=\"de_DE\" \/>\n<meta property=\"og:type\" content=\"article\" \/>\n<meta property=\"og:title\" content=\"Schouten - Agrar Systems\" \/>\n<meta property=\"og:description\" content=\"Sortierer Die Schouten Optica Q und Optica CS sind kompakte Qualit\u00e4tssortierer. Die Kartoffeln werden auf den Millimeter genau sortiert. Eine Kapazit\u00e4t von bis zu 15 Tonnen Pflanzkartoffeln pro Stunde ist m\u00f6glich. Die Schouten-Sortiermaschinen sind einfach in Kombination mit Maschinen anderer Marken zu verwenden. Wenn Sie weitere Informationen w\u00fcnschen, nehmen Sie bitte Kontakt mit uns auf [&hellip;]\" \/>\n<meta property=\"og:url\" content=\"https:\/\/www.agrarsystems.nl\/de\/schouten\/\" \/>\n<meta property=\"og:site_name\" content=\"Agrar Systems\" \/>\n<meta property=\"article:modified_time\" content=\"2024-11-27T17:50:06+00:00\" \/>\n<meta property=\"og:image\" content=\"https:\/\/www.agrarsystems.nl\/wp-content\/uploads\/2024\/11\/Afbeelding-47-1024x683.jpeg\" \/>\n<meta name=\"twitter:card\" content=\"summary_large_image\" \/>\n<meta name=\"twitter:label1\" content=\"Est. reading time\" \/>\n\t<meta name=\"twitter:data1\" content=\"1 minute\" \/>\n<script type=\"application\/ld+json\" class=\"yoast-schema-graph\">{\"@context\":\"https:\\\/\\\/schema.org\",\"@graph\":[{\"@type\":\"WebPage\",\"@id\":\"https:\\\/\\\/www.agrarsystems.nl\\\/de\\\/schouten\\\/\",\"url\":\"https:\\\/\\\/www.agrarsystems.nl\\\/de\\\/schouten\\\/\",\"name\":\"Schouten - Agrar Systems\",\"isPartOf\":{\"@id\":\"https:\\\/\\\/www.agrarsystems.nl\\\/de\\\/#website\"},\"primaryImageOfPage\":{\"@id\":\"https:\\\/\\\/www.agrarsystems.nl\\\/de\\\/schouten\\\/#primaryimage\"},\"image\":{\"@id\":\"https:\\\/\\\/www.agrarsystems.nl\\\/de\\\/schouten\\\/#primaryimage\"},\"thumbnailUrl\":\"https:\\\/\\\/www.agrarsystems.nl\\\/wp-content\\\/uploads\\\/2024\\\/11\\\/Afbeelding-47-1024x683.jpeg\",\"datePublished\":\"2023-12-20T14:43:24+00:00\",\"dateModified\":\"2024-11-27T17:50:06+00:00\",\"breadcrumb\":{\"@id\":\"https:\\\/\\\/www.agrarsystems.nl\\\/de\\\/schouten\\\/#breadcrumb\"},\"inLanguage\":\"de-DE\",\"potentialAction\":[{\"@type\":\"ReadAction\",\"target\":[\"https:\\\/\\\/www.agrarsystems.nl\\\/de\\\/schouten\\\/\"]}]},{\"@type\":\"ImageObject\",\"inLanguage\":\"de-DE\",\"@id\":\"https:\\\/\\\/www.agrarsystems.nl\\\/de\\\/schouten\\\/#primaryimage\",\"url\":\"https:\\\/\\\/www.agrarsystems.nl\\\/wp-content\\\/uploads\\\/2024\\\/11\\\/Afbeelding-47-1024x683.jpeg\",\"contentUrl\":\"https:\\\/\\\/www.agrarsystems.nl\\\/wp-content\\\/uploads\\\/2024\\\/11\\\/Afbeelding-47-1024x683.jpeg\"},{\"@type\":\"BreadcrumbList\",\"@id\":\"https:\\\/\\\/www.agrarsystems.nl\\\/de\\\/schouten\\\/#breadcrumb\",\"itemListElement\":[{\"@type\":\"ListItem\",\"position\":1,\"name\":\"Home\",\"item\":\"https:\\\/\\\/www.agrarsystems.nl\\\/de\\\/\"},{\"@type\":\"ListItem\",\"position\":2,\"name\":\"Schouten\"}]},{\"@type\":\"WebSite\",\"@id\":\"https:\\\/\\\/www.agrarsystems.nl\\\/de\\\/#website\",\"url\":\"https:\\\/\\\/www.agrarsystems.nl\\\/de\\\/\",\"name\":\"Agrar Systems\",\"description\":\"Uw betrouwbare service partner voor al u agrarische vraagstukken!\",\"potentialAction\":[{\"@type\":\"SearchAction\",\"target\":{\"@type\":\"EntryPoint\",\"urlTemplate\":\"https:\\\/\\\/www.agrarsystems.nl\\\/de\\\/?s={search_term_string}\"},\"query-input\":{\"@type\":\"PropertyValueSpecification\",\"valueRequired\":true,\"valueName\":\"search_term_string\"}}],\"inLanguage\":\"de-DE\"}]}<\/script>\n<!-- \/ Yoast SEO plugin. -->","yoast_head_json":{"title":"Schouten - Agrar Systems","robots":{"index":"index","follow":"follow","max-snippet":"max-snippet:-1","max-image-preview":"max-image-preview:large","max-video-preview":"max-video-preview:-1"},"canonical":"https:\/\/www.agrarsystems.nl\/de\/schouten\/","og_locale":"de_DE","og_type":"article","og_title":"Schouten - Agrar Systems","og_description":"Sortierer Die Schouten Optica Q und Optica CS sind kompakte Qualit\u00e4tssortierer. Die Kartoffeln werden auf den Millimeter genau sortiert. Eine Kapazit\u00e4t von bis zu 15 Tonnen Pflanzkartoffeln pro Stunde ist m\u00f6glich. Die Schouten-Sortiermaschinen sind einfach in Kombination mit Maschinen anderer Marken zu verwenden. Wenn Sie weitere Informationen w\u00fcnschen, nehmen Sie bitte Kontakt mit uns auf [&hellip;]","og_url":"https:\/\/www.agrarsystems.nl\/de\/schouten\/","og_site_name":"Agrar Systems","article_modified_time":"2024-11-27T17:50:06+00:00","og_image":[{"url":"https:\/\/www.agrarsystems.nl\/wp-content\/uploads\/2024\/11\/Afbeelding-47-1024x683.jpeg","type":"","width":"","height":""}],"twitter_card":"summary_large_image","twitter_misc":{"Est. reading time":"1 minute"},"schema":{"@context":"https:\/\/schema.org","@graph":[{"@type":"WebPage","@id":"https:\/\/www.agrarsystems.nl\/de\/schouten\/","url":"https:\/\/www.agrarsystems.nl\/de\/schouten\/","name":"Schouten - Agrar Systems","isPartOf":{"@id":"https:\/\/www.agrarsystems.nl\/de\/#website"},"primaryImageOfPage":{"@id":"https:\/\/www.agrarsystems.nl\/de\/schouten\/#primaryimage"},"image":{"@id":"https:\/\/www.agrarsystems.nl\/de\/schouten\/#primaryimage"},"thumbnailUrl":"https:\/\/www.agrarsystems.nl\/wp-content\/uploads\/2024\/11\/Afbeelding-47-1024x683.jpeg","datePublished":"2023-12-20T14:43:24+00:00","dateModified":"2024-11-27T17:50:06+00:00","breadcrumb":{"@id":"https:\/\/www.agrarsystems.nl\/de\/schouten\/#breadcrumb"},"inLanguage":"de-DE","potentialAction":[{"@type":"ReadAction","target":["https:\/\/www.agrarsystems.nl\/de\/schouten\/"]}]},{"@type":"ImageObject","inLanguage":"de-DE","@id":"https:\/\/www.agrarsystems.nl\/de\/schouten\/#primaryimage","url":"https:\/\/www.agrarsystems.nl\/wp-content\/uploads\/2024\/11\/Afbeelding-47-1024x683.jpeg","contentUrl":"https:\/\/www.agrarsystems.nl\/wp-content\/uploads\/2024\/11\/Afbeelding-47-1024x683.jpeg"},{"@type":"BreadcrumbList","@id":"https:\/\/www.agrarsystems.nl\/de\/schouten\/#breadcrumb","itemListElement":[{"@type":"ListItem","position":1,"name":"Home","item":"https:\/\/www.agrarsystems.nl\/de\/"},{"@type":"ListItem","position":2,"name":"Schouten"}]},{"@type":"WebSite","@id":"https:\/\/www.agrarsystems.nl\/de\/#website","url":"https:\/\/www.agrarsystems.nl\/de\/","name":"Agrar Systems","description":"Uw betrouwbare service partner voor al u agrarische vraagstukken!","potentialAction":[{"@type":"SearchAction","target":{"@type":"EntryPoint","urlTemplate":"https:\/\/www.agrarsystems.nl\/de\/?s={search_term_string}"},"query-input":{"@type":"PropertyValueSpecification","valueRequired":true,"valueName":"search_term_string"}}],"inLanguage":"de-DE"}]}},"_links":{"self":[{"href":"https:\/\/www.agrarsystems.nl\/de\/wp-json\/wp\/v2\/pages\/4846","targetHints":{"allow":["GET"]}}],"collection":[{"href":"https:\/\/www.agrarsystems.nl\/de\/wp-json\/wp\/v2\/pages"}],"about":[{"href":"https:\/\/www.agrarsystems.nl\/de\/wp-json\/wp\/v2\/types\/page"}],"author":[{"embeddable":true,"href":"https:\/\/www.agrarsystems.nl\/de\/wp-json\/wp\/v2\/users\/6"}],"replies":[{"embeddable":true,"href":"https:\/\/www.agrarsystems.nl\/de\/wp-json\/wp\/v2\/comments?post=4846"}],"version-history":[{"count":6,"href":"https:\/\/www.agrarsystems.nl\/de\/wp-json\/wp\/v2\/pages\/4846\/revisions"}],"predecessor-version":[{"id":5828,"href":"https:\/\/www.agrarsystems.nl\/de\/wp-json\/wp\/v2\/pages\/4846\/revisions\/5828"}],"wp:attachment":[{"href":"https:\/\/www.agrarsystems.nl\/de\/wp-json\/wp\/v2\/media?parent=4846"}],"curies":[{"name":"wp","href":"https:\/\/api.w.org\/{rel}","templated":true}]}}