{"id":4840,"date":"2023-12-20T14:42:51","date_gmt":"2023-12-20T14:42:51","guid":{"rendered":"https:\/\/www.agrarsystems.nl\/agrar-systems\/"},"modified":"2024-11-20T07:13:08","modified_gmt":"2024-11-20T07:13:08","slug":"agrar-systems","status":"publish","type":"page","link":"https:\/\/www.agrarsystems.nl\/de\/agrar-systems\/","title":{"rendered":"Agrar Systems"},"content":{"rendered":"\n<h2 class=\"wp-block-heading is-style-borderleft has-medium-font-size\">Agrar Systems Palettierer<\/h2>\n\n\n\n<p><strong><a href=\"https:\/\/www.agrarsystems.nl\/de\/verkauf-vermietung\/palletiseermachines\/\">Der Palettierer<\/a><\/strong>&nbsp;von Agrar Systems ist eine kompakte, aber robuste Maschine. Der Palettierer ist vielseitig einsetzbar f\u00fcr Anwendungen in der Landwirtschaft und Industrie, f\u00fcr Sackware in verschiedenen Sackgr\u00f6\u00dfen von 10 bis 50 kg. Die Maschine verf\u00fcgt \u00fcber ein einzigartiges und \u00e4u\u00dferst stabiles Fahrwerk, das speziell f\u00fcr den Einsatz auf instabilen Untergr\u00fcnden entwickelt wurde. Dies geschieht \u00fcber ein sehr ausgekl\u00fcgeltes System von verstellbaren Beinen.<\/p>\n\n\n\n<h6 class=\"wp-block-heading\"><strong>Merkmale der Maschine:<\/strong><\/h6>\n\n\n\n<ul class=\"wp-block-list\">\n<li><em>CE-Kennzeichnung<\/em><\/li>\n\n\n\n<li><em>Leistungsstarkes Sicherheitssystem<\/em><\/li>\n\n\n\n<li><em>Benutzerfreundlicher Touchscreen mit modernsten Softwarefunktionen<\/em><\/li>\n\n\n\n<li><em>Programme frei programmierbar<\/em><\/li>\n\n\n\n<li><em>Exakte Sackpositionierung f\u00fcr perfekte Sackstapelung&nbsp;&nbsp;&nbsp;&nbsp;&nbsp;<\/em><\/li>\n\n\n\n<li><em>Kompaktes Design und clevere Teilbarkeit f\u00fcr den Transport<\/em><\/li>\n\n\n\n<li><em>Hohe Kapazit\u00e4t von bis zu 650 Einheiten pro Stunde je nach Versorgung und Entladung<\/em><\/li>\n\n\n\n<li><em>Lange Lebensdauer durch Verwendung hochwertiger Materialien<\/em><\/li>\n<\/ul>\n\n\n\n<figure class=\"wp-block-image size-large\"><img fetchpriority=\"high\" decoding=\"async\" width=\"1024\" height=\"576\" src=\"https:\/\/www.agrarsystems.nl\/wp-content\/uploads\/2022\/04\/AS-PM-1024x576.jpg\" alt=\"\" class=\"wp-image-4401\" srcset=\"https:\/\/www.agrarsystems.nl\/wp-content\/uploads\/2022\/04\/AS-PM-1024x576.jpg 1024w, https:\/\/www.agrarsystems.nl\/wp-content\/uploads\/2022\/04\/AS-PM-300x169.jpg 300w, https:\/\/www.agrarsystems.nl\/wp-content\/uploads\/2022\/04\/AS-PM-768x432.jpg 768w, https:\/\/www.agrarsystems.nl\/wp-content\/uploads\/2022\/04\/AS-PM-1536x864.jpg 1536w, https:\/\/www.agrarsystems.nl\/wp-content\/uploads\/2022\/04\/AS-PM.jpg 1600w\" sizes=\"(max-width: 1024px) 100vw, 1024px\" \/><\/figure>\n\n\n\n<figure class=\"wp-block-gallery has-nested-images columns-default is-cropped wp-block-gallery-1 is-layout-flex wp-block-gallery-is-layout-flex\">\n<figure class=\"wp-block-image size-large\"><img decoding=\"async\" width=\"1024\" height=\"768\" data-id=\"4404\" data-src=\"https:\/\/www.agrarsystems.nl\/wp-content\/uploads\/2022\/04\/AS-PM-2-1024x768.jpg\" alt=\"\" class=\"wp-image-4404 lazyload\" data-srcset=\"https:\/\/www.agrarsystems.nl\/wp-content\/uploads\/2022\/04\/AS-PM-2-1024x768.jpg 1024w, https:\/\/www.agrarsystems.nl\/wp-content\/uploads\/2022\/04\/AS-PM-2-300x225.jpg 300w, https:\/\/www.agrarsystems.nl\/wp-content\/uploads\/2022\/04\/AS-PM-2-768x576.jpg 768w, https:\/\/www.agrarsystems.nl\/wp-content\/uploads\/2022\/04\/AS-PM-2-1536x1152.jpg 1536w, https:\/\/www.agrarsystems.nl\/wp-content\/uploads\/2022\/04\/AS-PM-2.jpg 1600w\" data-sizes=\"(max-width: 1024px) 100vw, 1024px\" src=\"data:image\/svg+xml;base64,PHN2ZyB3aWR0aD0iMSIgaGVpZ2h0PSIxIiB4bWxucz0iaHR0cDovL3d3dy53My5vcmcvMjAwMC9zdmciPjwvc3ZnPg==\" style=\"--smush-placeholder-width: 1024px; --smush-placeholder-aspect-ratio: 1024\/768;\" \/><\/figure>\n\n\n\n<figure class=\"wp-block-image size-large\"><img decoding=\"async\" width=\"1024\" height=\"768\" data-id=\"4407\" data-src=\"https:\/\/www.agrarsystems.nl\/wp-content\/uploads\/2022\/04\/AS-PM-achterkant-1024x768.jpg\" alt=\"\" class=\"wp-image-4407 lazyload\" data-srcset=\"https:\/\/www.agrarsystems.nl\/wp-content\/uploads\/2022\/04\/AS-PM-achterkant-1024x768.jpg 1024w, https:\/\/www.agrarsystems.nl\/wp-content\/uploads\/2022\/04\/AS-PM-achterkant-300x225.jpg 300w, https:\/\/www.agrarsystems.nl\/wp-content\/uploads\/2022\/04\/AS-PM-achterkant-768x576.jpg 768w, https:\/\/www.agrarsystems.nl\/wp-content\/uploads\/2022\/04\/AS-PM-achterkant-1536x1152.jpg 1536w, https:\/\/www.agrarsystems.nl\/wp-content\/uploads\/2022\/04\/AS-PM-achterkant.jpg 1600w\" data-sizes=\"(max-width: 1024px) 100vw, 1024px\" src=\"data:image\/svg+xml;base64,PHN2ZyB3aWR0aD0iMSIgaGVpZ2h0PSIxIiB4bWxucz0iaHR0cDovL3d3dy53My5vcmcvMjAwMC9zdmciPjwvc3ZnPg==\" style=\"--smush-placeholder-width: 1024px; --smush-placeholder-aspect-ratio: 1024\/768;\" \/><\/figure>\n\n\n\n<figure class=\"wp-block-image size-large\"><img decoding=\"async\" width=\"1024\" height=\"730\" data-id=\"4398\" data-src=\"https:\/\/www.agrarsystems.nl\/wp-content\/uploads\/2022\/04\/AS-PM-scherm-ingezoomd-1024x730.jpg\" alt=\"\" class=\"wp-image-4398 lazyload\" data-srcset=\"https:\/\/www.agrarsystems.nl\/wp-content\/uploads\/2022\/04\/AS-PM-scherm-ingezoomd-1024x730.jpg 1024w, https:\/\/www.agrarsystems.nl\/wp-content\/uploads\/2022\/04\/AS-PM-scherm-ingezoomd-300x214.jpg 300w, https:\/\/www.agrarsystems.nl\/wp-content\/uploads\/2022\/04\/AS-PM-scherm-ingezoomd-768x547.jpg 768w, https:\/\/www.agrarsystems.nl\/wp-content\/uploads\/2022\/04\/AS-PM-scherm-ingezoomd-1536x1094.jpg 1536w, https:\/\/www.agrarsystems.nl\/wp-content\/uploads\/2022\/04\/AS-PM-scherm-ingezoomd.jpg 1920w\" data-sizes=\"(max-width: 1024px) 100vw, 1024px\" src=\"data:image\/svg+xml;base64,PHN2ZyB3aWR0aD0iMSIgaGVpZ2h0PSIxIiB4bWxucz0iaHR0cDovL3d3dy53My5vcmcvMjAwMC9zdmciPjwvc3ZnPg==\" style=\"--smush-placeholder-width: 1024px; --smush-placeholder-aspect-ratio: 1024\/730;\" \/><\/figure>\n<\/figure>\n\n\n\n<hr class=\"wp-block-separator has-alpha-channel-opacity\"\/>\n\n\n\n<h2 class=\"wp-block-heading is-style-borderleft has-medium-font-size\">Agrar Systems Palettenwickler<\/h2>\n\n\n\n<p>Automatischer <a href=\"https:\/\/www.agrarsystems.nl\/de\/verkauf-vermietung\/palletwikkelaars\/\">Palettenwickler<\/a>, Typ WP-1, geeignet f\u00fcr Standard- und Kunststofffolien. Die Lichtschranke erkennt automatisch die H\u00f6he der Last. Die Wickelmaschinen sind mit einem frequenzgesteuerten Drehtisch und Folienwagen ausgestattet.<\/p>\n\n\n\n<ul class=\"wp-block-list\">\n<li><em>Drehscheibe, 1.65 Meter<\/em><\/li>\n\n\n\n<li><em>Lastgewicht bis zu 2000 kg<\/em><\/li>\n\n\n\n<li><em>Bremsstabsystem f\u00fcr Netzfolie<\/em><\/li>\n\n\n\n<li><em>Gabelstaplerrohre f\u00fcr den Transport<\/em><\/li>\n\n\n\n<li><em>Neigbare S\u00e4ule<\/em><\/li>\n\n\n\n<li><em>Maximale F\u00f6rderh\u00f6he 2.40 Meter<\/em><\/li>\n\n\n\n<li><em>Einfache Bedienung mit Anzeige<\/em><\/li>\n<\/ul>\n\n\n\n<ul class=\"wp-block-list\">\n<li><em>Optionale Rollenbahn<\/em><\/li>\n<\/ul>\n\n\n\n<figure class=\"wp-block-gallery has-nested-images columns-default is-cropped wp-block-gallery-2 is-layout-flex wp-block-gallery-is-layout-flex\">\n<figure class=\"wp-block-image size-large\"><img decoding=\"async\" width=\"1024\" height=\"768\" data-id=\"810\" data-src=\"https:\/\/www.agrarsystems.nl\/wp-content\/uploads\/2022\/04\/Wikkelaars-WP-1-1.jpg\" alt=\"\" class=\"wp-image-810 lazyload\" data-srcset=\"https:\/\/www.agrarsystems.nl\/wp-content\/uploads\/2022\/04\/Wikkelaars-WP-1-1.jpg 1024w, https:\/\/www.agrarsystems.nl\/wp-content\/uploads\/2022\/04\/Wikkelaars-WP-1-1-300x225.jpg 300w, https:\/\/www.agrarsystems.nl\/wp-content\/uploads\/2022\/04\/Wikkelaars-WP-1-1-768x576.jpg 768w\" data-sizes=\"(max-width: 1024px) 100vw, 1024px\" src=\"data:image\/svg+xml;base64,PHN2ZyB3aWR0aD0iMSIgaGVpZ2h0PSIxIiB4bWxucz0iaHR0cDovL3d3dy53My5vcmcvMjAwMC9zdmciPjwvc3ZnPg==\" style=\"--smush-placeholder-width: 1024px; --smush-placeholder-aspect-ratio: 1024\/768;\" \/><\/figure>\n<\/figure>\n\n\n\n<hr class=\"wp-block-separator has-alpha-channel-opacity\"\/>\n\n\n\n<h2 class=\"wp-block-heading is-style-borderleft has-medium-font-size\">Agrar Systems Wiegemaschine<\/h2>\n\n\n\n<p>Die Agrar Systems <a href=\"https:\/\/www.agrarsystems.nl\/de\/verkauf-vermietung\/agrar-systems-weegmachines\/\">Wiegemaschine<\/a> ist eine leistungsstarke elektronische Waage mit einem gro\u00dfen W\u00e4gebereich von 5-50 kg. Die Bandgeschwindigkeiten sind frequenzgesteuert. Je nach ben\u00f6tigter Kapazit\u00e4t besteht die Wahl zwischen einzel Waage oder doppel Waage.<\/p>\n\n\n\n<p>Optionen:<\/p>\n\n\n\n<ul class=\"wp-block-list\">\n<li><em>Ausf\u00fchrung in Edelstahl<\/em><\/li>\n\n\n\n<li><em>Lebensmittelechte B\u00e4nder<\/em><\/li>\n\n\n\n<li><em>Verl\u00e4ngerte Versionen<\/em><\/li>\n\n\n\n<li><em>Erh\u00e4ltlich in den Bandbreiten 30.10 oder 50.10<\/em><\/li>\n<\/ul>\n\n\n\n<figure class=\"wp-block-gallery has-nested-images columns-default is-cropped wp-block-gallery-3 is-layout-flex wp-block-gallery-is-layout-flex\">\n<figure class=\"wp-block-image size-large\"><img decoding=\"async\" data-id=\"668\" data-src=\"https:\/\/www.agrarsystems.nl\/wp-content\/uploads\/2022\/03\/weger-4.jpg\" alt=\"\" class=\"wp-image-668 lazyload\" src=\"data:image\/svg+xml;base64,PHN2ZyB3aWR0aD0iMSIgaGVpZ2h0PSIxIiB4bWxucz0iaHR0cDovL3d3dy53My5vcmcvMjAwMC9zdmciPjwvc3ZnPg==\" style=\"--smush-placeholder-width: 1000px; --smush-placeholder-aspect-ratio: 1000\/750;\" \/><\/figure>\n\n\n\n<figure class=\"wp-block-image size-large\"><img decoding=\"async\" data-id=\"669\" data-src=\"https:\/\/www.agrarsystems.nl\/wp-content\/uploads\/2022\/03\/weger-11.jpg\" alt=\"\" class=\"wp-image-669 lazyload\" src=\"data:image\/svg+xml;base64,PHN2ZyB3aWR0aD0iMSIgaGVpZ2h0PSIxIiB4bWxucz0iaHR0cDovL3d3dy53My5vcmcvMjAwMC9zdmciPjwvc3ZnPg==\" style=\"--smush-placeholder-width: 1000px; --smush-placeholder-aspect-ratio: 1000\/750;\" \/><\/figure>\n\n\n\n<figure class=\"wp-block-image size-large\"><img decoding=\"async\" data-id=\"665\" data-src=\"https:\/\/www.agrarsystems.nl\/wp-content\/uploads\/2022\/03\/Dubbele-weger-achterzijde.jpg\" alt=\"\" class=\"wp-image-665 lazyload\" src=\"data:image\/svg+xml;base64,PHN2ZyB3aWR0aD0iMSIgaGVpZ2h0PSIxIiB4bWxucz0iaHR0cDovL3d3dy53My5vcmcvMjAwMC9zdmciPjwvc3ZnPg==\" style=\"--smush-placeholder-width: 750px; --smush-placeholder-aspect-ratio: 750\/1000;\" \/><\/figure>\n<\/figure>\n","protected":false},"excerpt":{"rendered":"<p>Agrar Systems Palettierer Der Palettierer&nbsp;von Agrar Systems ist eine kompakte, aber robuste Maschine. Der Palettierer ist vielseitig einsetzbar f\u00fcr Anwendungen in der Landwirtschaft und Industrie, f\u00fcr Sackware in verschiedenen Sackgr\u00f6\u00dfen von 10 bis 50 kg. Die Maschine verf\u00fcgt \u00fcber ein einzigartiges und \u00e4u\u00dferst stabiles Fahrwerk, das speziell f\u00fcr den Einsatz auf instabilen Untergr\u00fcnden entwickelt wurde. [&hellip;]<\/p>\n","protected":false},"author":6,"featured_media":0,"parent":0,"menu_order":0,"comment_status":"closed","ping_status":"closed","template":"page-sidebar-contact.php","meta":{"inline_featured_image":false,"footnotes":""},"class_list":["post-4840","page","type-page","status-publish","hentry"],"yoast_head":"<!-- This site is optimized with the Yoast SEO plugin v27.6 - https:\/\/yoast.com\/product\/yoast-seo-wordpress\/ -->\n<title>Agrar Systems - Agrar Systems<\/title>\n<meta name=\"robots\" content=\"index, follow, max-snippet:-1, max-image-preview:large, max-video-preview:-1\" \/>\n<link rel=\"canonical\" href=\"https:\/\/www.agrarsystems.nl\/de\/agrar-systems\/\" \/>\n<meta property=\"og:locale\" content=\"de_DE\" \/>\n<meta property=\"og:type\" content=\"article\" \/>\n<meta property=\"og:title\" content=\"Agrar Systems - Agrar Systems\" \/>\n<meta property=\"og:description\" content=\"Agrar Systems Palettierer Der Palettierer&nbsp;von Agrar Systems ist eine kompakte, aber robuste Maschine. Der Palettierer ist vielseitig einsetzbar f\u00fcr Anwendungen in der Landwirtschaft und Industrie, f\u00fcr Sackware in verschiedenen Sackgr\u00f6\u00dfen von 10 bis 50 kg. Die Maschine verf\u00fcgt \u00fcber ein einzigartiges und \u00e4u\u00dferst stabiles Fahrwerk, das speziell f\u00fcr den Einsatz auf instabilen Untergr\u00fcnden entwickelt wurde. [&hellip;]\" \/>\n<meta property=\"og:url\" content=\"https:\/\/www.agrarsystems.nl\/de\/agrar-systems\/\" \/>\n<meta property=\"og:site_name\" content=\"Agrar Systems\" \/>\n<meta property=\"article:modified_time\" content=\"2024-11-20T07:13:08+00:00\" \/>\n<meta property=\"og:image\" content=\"https:\/\/www.agrarsystems.nl\/wp-content\/uploads\/2022\/04\/AS-PM-1024x576.jpg\" \/>\n<meta name=\"twitter:card\" content=\"summary_large_image\" \/>\n<meta name=\"twitter:label1\" content=\"Est. reading time\" \/>\n\t<meta name=\"twitter:data1\" content=\"3 minutes\" \/>\n<script type=\"application\/ld+json\" class=\"yoast-schema-graph\">{\"@context\":\"https:\\\/\\\/schema.org\",\"@graph\":[{\"@type\":\"WebPage\",\"@id\":\"https:\\\/\\\/www.agrarsystems.nl\\\/de\\\/agrar-systems\\\/\",\"url\":\"https:\\\/\\\/www.agrarsystems.nl\\\/de\\\/agrar-systems\\\/\",\"name\":\"Agrar Systems - Agrar Systems\",\"isPartOf\":{\"@id\":\"https:\\\/\\\/www.agrarsystems.nl\\\/de\\\/#website\"},\"primaryImageOfPage\":{\"@id\":\"https:\\\/\\\/www.agrarsystems.nl\\\/de\\\/agrar-systems\\\/#primaryimage\"},\"image\":{\"@id\":\"https:\\\/\\\/www.agrarsystems.nl\\\/de\\\/agrar-systems\\\/#primaryimage\"},\"thumbnailUrl\":\"https:\\\/\\\/www.agrarsystems.nl\\\/wp-content\\\/uploads\\\/2022\\\/04\\\/AS-PM-1024x576.jpg\",\"datePublished\":\"2023-12-20T14:42:51+00:00\",\"dateModified\":\"2024-11-20T07:13:08+00:00\",\"breadcrumb\":{\"@id\":\"https:\\\/\\\/www.agrarsystems.nl\\\/de\\\/agrar-systems\\\/#breadcrumb\"},\"inLanguage\":\"de-DE\",\"potentialAction\":[{\"@type\":\"ReadAction\",\"target\":[\"https:\\\/\\\/www.agrarsystems.nl\\\/de\\\/agrar-systems\\\/\"]}]},{\"@type\":\"ImageObject\",\"inLanguage\":\"de-DE\",\"@id\":\"https:\\\/\\\/www.agrarsystems.nl\\\/de\\\/agrar-systems\\\/#primaryimage\",\"url\":\"https:\\\/\\\/www.agrarsystems.nl\\\/wp-content\\\/uploads\\\/2022\\\/04\\\/AS-PM-1024x576.jpg\",\"contentUrl\":\"https:\\\/\\\/www.agrarsystems.nl\\\/wp-content\\\/uploads\\\/2022\\\/04\\\/AS-PM-1024x576.jpg\"},{\"@type\":\"BreadcrumbList\",\"@id\":\"https:\\\/\\\/www.agrarsystems.nl\\\/de\\\/agrar-systems\\\/#breadcrumb\",\"itemListElement\":[{\"@type\":\"ListItem\",\"position\":1,\"name\":\"Home\",\"item\":\"https:\\\/\\\/www.agrarsystems.nl\\\/de\\\/\"},{\"@type\":\"ListItem\",\"position\":2,\"name\":\"Agrar Systems\"}]},{\"@type\":\"WebSite\",\"@id\":\"https:\\\/\\\/www.agrarsystems.nl\\\/de\\\/#website\",\"url\":\"https:\\\/\\\/www.agrarsystems.nl\\\/de\\\/\",\"name\":\"Agrar Systems\",\"description\":\"Uw betrouwbare service partner voor al u agrarische vraagstukken!\",\"potentialAction\":[{\"@type\":\"SearchAction\",\"target\":{\"@type\":\"EntryPoint\",\"urlTemplate\":\"https:\\\/\\\/www.agrarsystems.nl\\\/de\\\/?s={search_term_string}\"},\"query-input\":{\"@type\":\"PropertyValueSpecification\",\"valueRequired\":true,\"valueName\":\"search_term_string\"}}],\"inLanguage\":\"de-DE\"}]}<\/script>\n<!-- \/ Yoast SEO plugin. -->","yoast_head_json":{"title":"Agrar Systems - Agrar Systems","robots":{"index":"index","follow":"follow","max-snippet":"max-snippet:-1","max-image-preview":"max-image-preview:large","max-video-preview":"max-video-preview:-1"},"canonical":"https:\/\/www.agrarsystems.nl\/de\/agrar-systems\/","og_locale":"de_DE","og_type":"article","og_title":"Agrar Systems - Agrar Systems","og_description":"Agrar Systems Palettierer Der Palettierer&nbsp;von Agrar Systems ist eine kompakte, aber robuste Maschine. Der Palettierer ist vielseitig einsetzbar f\u00fcr Anwendungen in der Landwirtschaft und Industrie, f\u00fcr Sackware in verschiedenen Sackgr\u00f6\u00dfen von 10 bis 50 kg. Die Maschine verf\u00fcgt \u00fcber ein einzigartiges und \u00e4u\u00dferst stabiles Fahrwerk, das speziell f\u00fcr den Einsatz auf instabilen Untergr\u00fcnden entwickelt wurde. [&hellip;]","og_url":"https:\/\/www.agrarsystems.nl\/de\/agrar-systems\/","og_site_name":"Agrar Systems","article_modified_time":"2024-11-20T07:13:08+00:00","og_image":[{"url":"https:\/\/www.agrarsystems.nl\/wp-content\/uploads\/2022\/04\/AS-PM-1024x576.jpg","type":"","width":"","height":""}],"twitter_card":"summary_large_image","twitter_misc":{"Est. reading time":"3 minutes"},"schema":{"@context":"https:\/\/schema.org","@graph":[{"@type":"WebPage","@id":"https:\/\/www.agrarsystems.nl\/de\/agrar-systems\/","url":"https:\/\/www.agrarsystems.nl\/de\/agrar-systems\/","name":"Agrar Systems - Agrar Systems","isPartOf":{"@id":"https:\/\/www.agrarsystems.nl\/de\/#website"},"primaryImageOfPage":{"@id":"https:\/\/www.agrarsystems.nl\/de\/agrar-systems\/#primaryimage"},"image":{"@id":"https:\/\/www.agrarsystems.nl\/de\/agrar-systems\/#primaryimage"},"thumbnailUrl":"https:\/\/www.agrarsystems.nl\/wp-content\/uploads\/2022\/04\/AS-PM-1024x576.jpg","datePublished":"2023-12-20T14:42:51+00:00","dateModified":"2024-11-20T07:13:08+00:00","breadcrumb":{"@id":"https:\/\/www.agrarsystems.nl\/de\/agrar-systems\/#breadcrumb"},"inLanguage":"de-DE","potentialAction":[{"@type":"ReadAction","target":["https:\/\/www.agrarsystems.nl\/de\/agrar-systems\/"]}]},{"@type":"ImageObject","inLanguage":"de-DE","@id":"https:\/\/www.agrarsystems.nl\/de\/agrar-systems\/#primaryimage","url":"https:\/\/www.agrarsystems.nl\/wp-content\/uploads\/2022\/04\/AS-PM-1024x576.jpg","contentUrl":"https:\/\/www.agrarsystems.nl\/wp-content\/uploads\/2022\/04\/AS-PM-1024x576.jpg"},{"@type":"BreadcrumbList","@id":"https:\/\/www.agrarsystems.nl\/de\/agrar-systems\/#breadcrumb","itemListElement":[{"@type":"ListItem","position":1,"name":"Home","item":"https:\/\/www.agrarsystems.nl\/de\/"},{"@type":"ListItem","position":2,"name":"Agrar Systems"}]},{"@type":"WebSite","@id":"https:\/\/www.agrarsystems.nl\/de\/#website","url":"https:\/\/www.agrarsystems.nl\/de\/","name":"Agrar Systems","description":"Uw betrouwbare service partner voor al u agrarische vraagstukken!","potentialAction":[{"@type":"SearchAction","target":{"@type":"EntryPoint","urlTemplate":"https:\/\/www.agrarsystems.nl\/de\/?s={search_term_string}"},"query-input":{"@type":"PropertyValueSpecification","valueRequired":true,"valueName":"search_term_string"}}],"inLanguage":"de-DE"}]}},"_links":{"self":[{"href":"https:\/\/www.agrarsystems.nl\/de\/wp-json\/wp\/v2\/pages\/4840","targetHints":{"allow":["GET"]}}],"collection":[{"href":"https:\/\/www.agrarsystems.nl\/de\/wp-json\/wp\/v2\/pages"}],"about":[{"href":"https:\/\/www.agrarsystems.nl\/de\/wp-json\/wp\/v2\/types\/page"}],"author":[{"embeddable":true,"href":"https:\/\/www.agrarsystems.nl\/de\/wp-json\/wp\/v2\/users\/6"}],"replies":[{"embeddable":true,"href":"https:\/\/www.agrarsystems.nl\/de\/wp-json\/wp\/v2\/comments?post=4840"}],"version-history":[{"count":5,"href":"https:\/\/www.agrarsystems.nl\/de\/wp-json\/wp\/v2\/pages\/4840\/revisions"}],"predecessor-version":[{"id":5798,"href":"https:\/\/www.agrarsystems.nl\/de\/wp-json\/wp\/v2\/pages\/4840\/revisions\/5798"}],"wp:attachment":[{"href":"https:\/\/www.agrarsystems.nl\/de\/wp-json\/wp\/v2\/media?parent=4840"}],"curies":[{"name":"wp","href":"https:\/\/api.w.org\/{rel}","templated":true}]}}