{"id":2906,"date":"2022-12-01T10:52:48","date_gmt":"2022-12-01T10:52:48","guid":{"rendered":"https:\/\/www.agrarsystems.nl\/?page_id=2906"},"modified":"2024-11-20T07:42:05","modified_gmt":"2024-11-20T07:42:05","slug":"breston","status":"publish","type":"page","link":"https:\/\/www.agrarsystems.nl\/de\/breston\/","title":{"rendered":"Breston"},"content":{"rendered":"\n<h2 class=\"wp-block-heading is-style-borderleft has-medium-font-size\">Hallenf\u00fcller<\/h2>\n\n\n\n<p>Die extrem schlanken Breston Hallenf\u00fcller sind in verschiedenen standard Gurtl\u00e4ngen bis zu 25 Metern erh\u00e4ltlich. Verschiedene Gurtl\u00e4ngen und Gurtbreiten k\u00f6nnen kombiniert werden.<\/p>\n\n\n\n<p>Die standard Hallenf\u00fcller sind mit Breston Teleskopb\u00e4nder koppelbar. Diese k\u00f6nnen nat\u00fcrlich auch mit anderen Marken kombiniert werden, wenn Sie diese bereits besitzen.<\/p>\n\n\n\n<figure class=\"wp-block-gallery has-nested-images columns-default is-cropped wp-block-gallery-1 is-layout-flex wp-block-gallery-is-layout-flex\">\n<figure class=\"wp-block-image size-large\"><img fetchpriority=\"high\" decoding=\"async\" width=\"1000\" height=\"563\" data-id=\"3264\" src=\"https:\/\/www.agrarsystems.nl\/wp-content\/uploads\/2023\/01\/hallenvuller1-1.jpg\" alt=\"\" class=\"wp-image-3264\" srcset=\"https:\/\/www.agrarsystems.nl\/wp-content\/uploads\/2023\/01\/hallenvuller1-1.jpg 1000w, https:\/\/www.agrarsystems.nl\/wp-content\/uploads\/2023\/01\/hallenvuller1-1-300x169.jpg 300w, https:\/\/www.agrarsystems.nl\/wp-content\/uploads\/2023\/01\/hallenvuller1-1-768x432.jpg 768w\" sizes=\"(max-width: 1000px) 100vw, 1000px\" \/><\/figure>\n\n\n\n<figure class=\"wp-block-image size-large\"><img decoding=\"async\" width=\"1024\" height=\"683\" data-id=\"3237\" data-src=\"https:\/\/www.agrarsystems.nl\/wp-content\/uploads\/2023\/01\/hallenvuller2-1024x683.jpg\" alt=\"\" class=\"wp-image-3237 lazyload\" data-srcset=\"https:\/\/www.agrarsystems.nl\/wp-content\/uploads\/2023\/01\/hallenvuller2-1024x683.jpg 1024w, https:\/\/www.agrarsystems.nl\/wp-content\/uploads\/2023\/01\/hallenvuller2-300x200.jpg 300w, https:\/\/www.agrarsystems.nl\/wp-content\/uploads\/2023\/01\/hallenvuller2-768x512.jpg 768w, https:\/\/www.agrarsystems.nl\/wp-content\/uploads\/2023\/01\/hallenvuller2-1536x1024.jpg 1536w, https:\/\/www.agrarsystems.nl\/wp-content\/uploads\/2023\/01\/hallenvuller2.jpg 1620w\" data-sizes=\"(max-width: 1024px) 100vw, 1024px\" src=\"data:image\/svg+xml;base64,PHN2ZyB3aWR0aD0iMSIgaGVpZ2h0PSIxIiB4bWxucz0iaHR0cDovL3d3dy53My5vcmcvMjAwMC9zdmciPjwvc3ZnPg==\" style=\"--smush-placeholder-width: 1024px; --smush-placeholder-aspect-ratio: 1024\/683;\" \/><\/figure>\n\n\n\n<figure class=\"wp-block-image size-large\"><img decoding=\"async\" width=\"1000\" height=\"563\" data-id=\"3234\" data-src=\"https:\/\/www.agrarsystems.nl\/wp-content\/uploads\/2023\/01\/hallenvuller1.jpg\" alt=\"\" class=\"wp-image-3234 lazyload\" data-srcset=\"https:\/\/www.agrarsystems.nl\/wp-content\/uploads\/2023\/01\/hallenvuller1.jpg 1000w, https:\/\/www.agrarsystems.nl\/wp-content\/uploads\/2023\/01\/hallenvuller1-300x169.jpg 300w, https:\/\/www.agrarsystems.nl\/wp-content\/uploads\/2023\/01\/hallenvuller1-768x432.jpg 768w\" data-sizes=\"(max-width: 1000px) 100vw, 1000px\" src=\"data:image\/svg+xml;base64,PHN2ZyB3aWR0aD0iMSIgaGVpZ2h0PSIxIiB4bWxucz0iaHR0cDovL3d3dy53My5vcmcvMjAwMC9zdmciPjwvc3ZnPg==\" style=\"--smush-placeholder-width: 1000px; --smush-placeholder-aspect-ratio: 1000\/563;\" \/><\/figure>\n<\/figure>\n\n\n\n<div class=\"wp-block-columns is-layout-flex wp-container-core-columns-is-layout-28f84493 wp-block-columns-is-layout-flex\">\n<div class=\"wp-block-column is-vertically-aligned-top is-layout-flow wp-block-column-is-layout-flow\" style=\"flex-basis:100%\">\n<hr class=\"wp-block-separator has-alpha-channel-opacity\"\/>\n\n\n\n<h2 class=\"wp-block-heading is-style-borderleft has-medium-font-size\">Teleskopb\u00e4nder<\/h2>\n\n\n\n<p>Breston Teleskopb\u00e4nder sind bei uns in verschiedenen Standardgr\u00f6\u00dfen und nat\u00fcrlich auch in Ihren Wunschma\u00dfen erh\u00e4ltlich.<\/p>\n\n\n\n<p>Maschinenspezifikationen:<\/p>\n\n\n\n<ul class=\"wp-block-list\">\n<li><em>Laufende Seitenw\u00e4nde<\/em><\/li>\n\n\n\n<li><em>Frequenzgesteuerter Antrieb<\/em><\/li>\n\n\n\n<li><em>Einfache H\u00f6henverstellung<\/em><\/li>\n\n\n\n<li><em>Anschlie\u00dfbar an Hallenf\u00fcller oder andere Breston Maschinen<\/em><\/li>\n<\/ul>\n\n\n\n<figure class=\"wp-block-gallery has-nested-images columns-default is-cropped wp-block-gallery-2 is-layout-flex wp-block-gallery-is-layout-flex\">\n<figure class=\"wp-block-image size-large\"><img decoding=\"async\" width=\"1024\" height=\"768\" data-id=\"5540\" data-src=\"https:\/\/www.agrarsystems.nl\/wp-content\/uploads\/2024\/11\/Afbeelding-28-1024x768.jpeg\" alt=\"\" class=\"wp-image-5540 lazyload\" data-srcset=\"https:\/\/www.agrarsystems.nl\/wp-content\/uploads\/2024\/11\/Afbeelding-28-1024x768.jpeg 1024w, https:\/\/www.agrarsystems.nl\/wp-content\/uploads\/2024\/11\/Afbeelding-28-300x225.jpeg 300w, https:\/\/www.agrarsystems.nl\/wp-content\/uploads\/2024\/11\/Afbeelding-28-768x576.jpeg 768w, https:\/\/www.agrarsystems.nl\/wp-content\/uploads\/2024\/11\/Afbeelding-28.jpeg 1200w\" data-sizes=\"(max-width: 1024px) 100vw, 1024px\" src=\"data:image\/svg+xml;base64,PHN2ZyB3aWR0aD0iMSIgaGVpZ2h0PSIxIiB4bWxucz0iaHR0cDovL3d3dy53My5vcmcvMjAwMC9zdmciPjwvc3ZnPg==\" style=\"--smush-placeholder-width: 1024px; --smush-placeholder-aspect-ratio: 1024\/768;\" \/><\/figure>\n\n\n\n<figure class=\"wp-block-image size-large\"><img decoding=\"async\" width=\"570\" height=\"570\" data-id=\"5537\" data-src=\"https:\/\/www.agrarsystems.nl\/wp-content\/uploads\/2024\/11\/Afbeelding-12.jpeg\" alt=\"\" class=\"wp-image-5537 lazyload\" data-srcset=\"https:\/\/www.agrarsystems.nl\/wp-content\/uploads\/2024\/11\/Afbeelding-12.jpeg 570w, https:\/\/www.agrarsystems.nl\/wp-content\/uploads\/2024\/11\/Afbeelding-12-300x300.jpeg 300w, https:\/\/www.agrarsystems.nl\/wp-content\/uploads\/2024\/11\/Afbeelding-12-150x150.jpeg 150w, https:\/\/www.agrarsystems.nl\/wp-content\/uploads\/2024\/11\/Afbeelding-12-32x32.jpeg 32w, https:\/\/www.agrarsystems.nl\/wp-content\/uploads\/2024\/11\/Afbeelding-12-380x380.jpeg 380w, https:\/\/www.agrarsystems.nl\/wp-content\/uploads\/2024\/11\/Afbeelding-12-480x480.jpeg 480w\" data-sizes=\"(max-width: 570px) 100vw, 570px\" src=\"data:image\/svg+xml;base64,PHN2ZyB3aWR0aD0iMSIgaGVpZ2h0PSIxIiB4bWxucz0iaHR0cDovL3d3dy53My5vcmcvMjAwMC9zdmciPjwvc3ZnPg==\" style=\"--smush-placeholder-width: 570px; --smush-placeholder-aspect-ratio: 570\/570;\" \/><\/figure>\n\n\n\n<figure class=\"wp-block-image size-large\"><img decoding=\"async\" width=\"1024\" height=\"768\" data-id=\"5541\" data-src=\"https:\/\/www.agrarsystems.nl\/wp-content\/uploads\/2024\/11\/Afbeelding-13-1024x768.jpeg\" alt=\"\" class=\"wp-image-5541 lazyload\" data-srcset=\"https:\/\/www.agrarsystems.nl\/wp-content\/uploads\/2024\/11\/Afbeelding-13-1024x768.jpeg 1024w, https:\/\/www.agrarsystems.nl\/wp-content\/uploads\/2024\/11\/Afbeelding-13-300x225.jpeg 300w, https:\/\/www.agrarsystems.nl\/wp-content\/uploads\/2024\/11\/Afbeelding-13-768x576.jpeg 768w, https:\/\/www.agrarsystems.nl\/wp-content\/uploads\/2024\/11\/Afbeelding-13.jpeg 1440w\" data-sizes=\"(max-width: 1024px) 100vw, 1024px\" src=\"data:image\/svg+xml;base64,PHN2ZyB3aWR0aD0iMSIgaGVpZ2h0PSIxIiB4bWxucz0iaHR0cDovL3d3dy53My5vcmcvMjAwMC9zdmciPjwvc3ZnPg==\" style=\"--smush-placeholder-width: 1024px; --smush-placeholder-aspect-ratio: 1024\/768;\" \/><\/figure>\n<\/figure>\n\n\n\n<hr class=\"wp-block-separator has-alpha-channel-opacity\"\/>\n\n\n\n<h2 class=\"wp-block-heading is-style-borderleft has-medium-font-size\">St\u00fcrzbunker<\/h2>\n\n\n\n<p>Breston St\u00fcrzbunkers sind f\u00fcr die folgenden Vorg\u00e4nge integriert: Puffern, Dosieren, Auseinanderziehen, Reinigen und Sortieren. Dadurch wird die diskontinuierliche Zufuhr von ankommenden und abgehenden Kippern, Kippsattelaufliegern oder Lastkraftwagen in einen kontinuierlichen Abfluss zu Annahmelinien, Waschanlagen, Verarbeitungslinien oder zur direkten Bef\u00fcllung von Kisten umgewandelt.<\/p>\n\n\n\n<figure class=\"wp-block-gallery has-nested-images columns-4 is-cropped wp-block-gallery-3 is-layout-flex wp-block-gallery-is-layout-flex\">\n<figure class=\"wp-block-image size-large\"><img decoding=\"async\" width=\"1024\" height=\"683\" data-id=\"5461\" data-src=\"https:\/\/www.agrarsystems.nl\/wp-content\/uploads\/2024\/11\/Afbeelding-1024x683.jpeg\" alt=\"\" class=\"wp-image-5461 lazyload\" data-srcset=\"https:\/\/www.agrarsystems.nl\/wp-content\/uploads\/2024\/11\/Afbeelding-1024x683.jpeg 1024w, https:\/\/www.agrarsystems.nl\/wp-content\/uploads\/2024\/11\/Afbeelding-300x200.jpeg 300w, https:\/\/www.agrarsystems.nl\/wp-content\/uploads\/2024\/11\/Afbeelding-768x512.jpeg 768w, https:\/\/www.agrarsystems.nl\/wp-content\/uploads\/2024\/11\/Afbeelding-1536x1024.jpeg 1536w, https:\/\/www.agrarsystems.nl\/wp-content\/uploads\/2024\/11\/Afbeelding.jpeg 1620w\" data-sizes=\"(max-width: 1024px) 100vw, 1024px\" src=\"data:image\/svg+xml;base64,PHN2ZyB3aWR0aD0iMSIgaGVpZ2h0PSIxIiB4bWxucz0iaHR0cDovL3d3dy53My5vcmcvMjAwMC9zdmciPjwvc3ZnPg==\" style=\"--smush-placeholder-width: 1024px; --smush-placeholder-aspect-ratio: 1024\/683;\" \/><\/figure>\n\n\n\n<figure class=\"wp-block-image size-large\"><img decoding=\"async\" width=\"1000\" height=\"1000\" data-id=\"5464\" data-src=\"https:\/\/www.agrarsystems.nl\/wp-content\/uploads\/2024\/11\/Afbeelding-1.jpeg\" alt=\"\" class=\"wp-image-5464 lazyload\" data-srcset=\"https:\/\/www.agrarsystems.nl\/wp-content\/uploads\/2024\/11\/Afbeelding-1.jpeg 1000w, https:\/\/www.agrarsystems.nl\/wp-content\/uploads\/2024\/11\/Afbeelding-1-300x300.jpeg 300w, https:\/\/www.agrarsystems.nl\/wp-content\/uploads\/2024\/11\/Afbeelding-1-150x150.jpeg 150w, https:\/\/www.agrarsystems.nl\/wp-content\/uploads\/2024\/11\/Afbeelding-1-768x768.jpeg 768w, https:\/\/www.agrarsystems.nl\/wp-content\/uploads\/2024\/11\/Afbeelding-1-32x32.jpeg 32w, https:\/\/www.agrarsystems.nl\/wp-content\/uploads\/2024\/11\/Afbeelding-1-380x380.jpeg 380w, https:\/\/www.agrarsystems.nl\/wp-content\/uploads\/2024\/11\/Afbeelding-1-480x480.jpeg 480w\" data-sizes=\"(max-width: 1000px) 100vw, 1000px\" src=\"data:image\/svg+xml;base64,PHN2ZyB3aWR0aD0iMSIgaGVpZ2h0PSIxIiB4bWxucz0iaHR0cDovL3d3dy53My5vcmcvMjAwMC9zdmciPjwvc3ZnPg==\" style=\"--smush-placeholder-width: 1000px; --smush-placeholder-aspect-ratio: 1000\/1000;\" \/><\/figure>\n\n\n\n<figure class=\"wp-block-image size-large\"><img decoding=\"async\" width=\"921\" height=\"782\" data-id=\"5467\" data-src=\"https:\/\/www.agrarsystems.nl\/wp-content\/uploads\/2024\/11\/Afbeelding-2.jpeg\" alt=\"\" class=\"wp-image-5467 lazyload\" data-srcset=\"https:\/\/www.agrarsystems.nl\/wp-content\/uploads\/2024\/11\/Afbeelding-2.jpeg 921w, https:\/\/www.agrarsystems.nl\/wp-content\/uploads\/2024\/11\/Afbeelding-2-300x255.jpeg 300w, https:\/\/www.agrarsystems.nl\/wp-content\/uploads\/2024\/11\/Afbeelding-2-768x652.jpeg 768w\" data-sizes=\"(max-width: 921px) 100vw, 921px\" src=\"data:image\/svg+xml;base64,PHN2ZyB3aWR0aD0iMSIgaGVpZ2h0PSIxIiB4bWxucz0iaHR0cDovL3d3dy53My5vcmcvMjAwMC9zdmciPjwvc3ZnPg==\" style=\"--smush-placeholder-width: 921px; --smush-placeholder-aspect-ratio: 921\/782;\" \/><\/figure>\n\n\n\n<figure class=\"wp-block-image size-large\"><img decoding=\"async\" width=\"1024\" height=\"768\" data-id=\"5470\" data-src=\"https:\/\/www.agrarsystems.nl\/wp-content\/uploads\/2024\/11\/Afbeelding-3.jpeg\" alt=\"\" class=\"wp-image-5470 lazyload\" data-srcset=\"https:\/\/www.agrarsystems.nl\/wp-content\/uploads\/2024\/11\/Afbeelding-3.jpeg 1024w, https:\/\/www.agrarsystems.nl\/wp-content\/uploads\/2024\/11\/Afbeelding-3-300x225.jpeg 300w, https:\/\/www.agrarsystems.nl\/wp-content\/uploads\/2024\/11\/Afbeelding-3-768x576.jpeg 768w\" data-sizes=\"(max-width: 1024px) 100vw, 1024px\" src=\"data:image\/svg+xml;base64,PHN2ZyB3aWR0aD0iMSIgaGVpZ2h0PSIxIiB4bWxucz0iaHR0cDovL3d3dy53My5vcmcvMjAwMC9zdmciPjwvc3ZnPg==\" style=\"--smush-placeholder-width: 1024px; --smush-placeholder-aspect-ratio: 1024\/768;\" \/><\/figure>\n<\/figure>\n\n\n\n<hr class=\"wp-block-separator has-alpha-channel-opacity\"\/>\n\n\n\n<h2 class=\"wp-block-heading is-style-borderleft has-medium-font-size\">Kistenf\u00fcller<\/h2>\n\n\n\n<p>Mit dem Breston Kistenf\u00fcller k\u00f6nnen kubische Kisten mit hohem Fassungsverm\u00f6gen gleichm\u00e4\u00dfig bef\u00fcllt werden.<\/p>\n\n\n\n<p>Dank des links- und rechtsdrehenden und verschiebbaren Zuf\u00fchrbandes k\u00f6nnen kubische Kisten schnell und kontinuierlich gleichm\u00e4\u00dfig bef\u00fcllt werden. Der Kistenf\u00fcller ist f\u00fcr verschiedene Kistengr\u00f6\u00dfen geeignet.<\/p>\n\n\n\n<figure class=\"wp-block-gallery has-nested-images columns-default is-cropped wp-block-gallery-4 is-layout-flex wp-block-gallery-is-layout-flex\">\n<figure class=\"wp-block-image size-large\"><img decoding=\"async\" width=\"1024\" height=\"768\" data-id=\"5479\" data-src=\"https:\/\/www.agrarsystems.nl\/wp-content\/uploads\/2024\/11\/Afbeelding-4-1024x768.jpeg\" alt=\"\" class=\"wp-image-5479 lazyload\" data-srcset=\"https:\/\/www.agrarsystems.nl\/wp-content\/uploads\/2024\/11\/Afbeelding-4-1024x768.jpeg 1024w, https:\/\/www.agrarsystems.nl\/wp-content\/uploads\/2024\/11\/Afbeelding-4-300x225.jpeg 300w, https:\/\/www.agrarsystems.nl\/wp-content\/uploads\/2024\/11\/Afbeelding-4-768x576.jpeg 768w, https:\/\/www.agrarsystems.nl\/wp-content\/uploads\/2024\/11\/Afbeelding-4.jpeg 1440w\" data-sizes=\"(max-width: 1024px) 100vw, 1024px\" src=\"data:image\/svg+xml;base64,PHN2ZyB3aWR0aD0iMSIgaGVpZ2h0PSIxIiB4bWxucz0iaHR0cDovL3d3dy53My5vcmcvMjAwMC9zdmciPjwvc3ZnPg==\" style=\"--smush-placeholder-width: 1024px; --smush-placeholder-aspect-ratio: 1024\/768;\" \/><\/figure>\n\n\n\n<figure class=\"wp-block-image size-large\"><img decoding=\"async\" width=\"1000\" height=\"1000\" data-id=\"5476\" data-src=\"https:\/\/www.agrarsystems.nl\/wp-content\/uploads\/2024\/11\/Afbeelding-5.jpeg\" alt=\"\" class=\"wp-image-5476 lazyload\" data-srcset=\"https:\/\/www.agrarsystems.nl\/wp-content\/uploads\/2024\/11\/Afbeelding-5.jpeg 1000w, https:\/\/www.agrarsystems.nl\/wp-content\/uploads\/2024\/11\/Afbeelding-5-300x300.jpeg 300w, https:\/\/www.agrarsystems.nl\/wp-content\/uploads\/2024\/11\/Afbeelding-5-150x150.jpeg 150w, https:\/\/www.agrarsystems.nl\/wp-content\/uploads\/2024\/11\/Afbeelding-5-768x768.jpeg 768w, https:\/\/www.agrarsystems.nl\/wp-content\/uploads\/2024\/11\/Afbeelding-5-32x32.jpeg 32w, https:\/\/www.agrarsystems.nl\/wp-content\/uploads\/2024\/11\/Afbeelding-5-380x380.jpeg 380w, https:\/\/www.agrarsystems.nl\/wp-content\/uploads\/2024\/11\/Afbeelding-5-480x480.jpeg 480w\" data-sizes=\"(max-width: 1000px) 100vw, 1000px\" src=\"data:image\/svg+xml;base64,PHN2ZyB3aWR0aD0iMSIgaGVpZ2h0PSIxIiB4bWxucz0iaHR0cDovL3d3dy53My5vcmcvMjAwMC9zdmciPjwvc3ZnPg==\" style=\"--smush-placeholder-width: 1000px; --smush-placeholder-aspect-ratio: 1000\/1000;\" \/><\/figure>\n\n\n\n<figure class=\"wp-block-image size-large\"><img decoding=\"async\" width=\"300\" height=\"300\" data-id=\"5473\" data-src=\"https:\/\/www.agrarsystems.nl\/wp-content\/uploads\/2024\/11\/Afbeelding-6.jpeg\" alt=\"\" class=\"wp-image-5473 lazyload\" data-srcset=\"https:\/\/www.agrarsystems.nl\/wp-content\/uploads\/2024\/11\/Afbeelding-6.jpeg 300w, https:\/\/www.agrarsystems.nl\/wp-content\/uploads\/2024\/11\/Afbeelding-6-150x150.jpeg 150w, https:\/\/www.agrarsystems.nl\/wp-content\/uploads\/2024\/11\/Afbeelding-6-32x32.jpeg 32w\" data-sizes=\"(max-width: 300px) 100vw, 300px\" src=\"data:image\/svg+xml;base64,PHN2ZyB3aWR0aD0iMSIgaGVpZ2h0PSIxIiB4bWxucz0iaHR0cDovL3d3dy53My5vcmcvMjAwMC9zdmciPjwvc3ZnPg==\" style=\"--smush-placeholder-width: 300px; --smush-placeholder-aspect-ratio: 300\/300;\" \/><\/figure>\n<\/figure>\n<\/div>\n<\/div>\n\n\n\n<hr class=\"wp-block-separator has-alpha-channel-opacity\"\/>\n\n\n\n<h2 class=\"wp-block-heading is-style-borderleft has-medium-font-size\">Sonstige<\/h2>\n\n\n\n<p>Neben den oben genannten Maschinen verkaufen wir auch andere Maschinen der Marke Breston. Suchen Sie eine bestimmte Maschine, die hier nicht aufgef\u00fchrt ist? Dann fragen Sie uns nach den M\u00f6glichkeiten und wir werden sehen, was wir f\u00fcr Sie tun k\u00f6nnen!<\/p>\n\n\n\n<div class=\"wp-block-columns are-vertically-aligned-center is-layout-flex wp-container-core-columns-is-layout-28f84493 wp-block-columns-is-layout-flex\">\n<div class=\"wp-block-column is-vertically-aligned-center is-layout-flow wp-block-column-is-layout-flow\" style=\"flex-basis:100%\">\n<figure class=\"wp-block-embed is-type-video is-provider-youtube wp-block-embed-youtube wp-embed-aspect-16-9 wp-has-aspect-ratio\"><div class=\"wp-block-embed__wrapper\">\n<iframe title=\"Agrar Systems - Officieel dealer Breston - Introductiefilm\" width=\"500\" height=\"281\" data-src=\"https:\/\/www.youtube.com\/embed\/Ak8-rM_qv9c?feature=oembed\" frameborder=\"0\" allow=\"accelerometer; autoplay; clipboard-write; encrypted-media; gyroscope; picture-in-picture; web-share\" referrerpolicy=\"strict-origin-when-cross-origin\" allowfullscreen src=\"data:image\/svg+xml;base64,PHN2ZyB3aWR0aD0iMSIgaGVpZ2h0PSIxIiB4bWxucz0iaHR0cDovL3d3dy53My5vcmcvMjAwMC9zdmciPjwvc3ZnPg==\" class=\"lazyload\" data-load-mode=\"1\"><\/iframe>\n<\/div><\/figure>\n<\/div>\n<\/div>\n","protected":false},"excerpt":{"rendered":"<p>Hallenf\u00fcller Die extrem schlanken Breston Hallenf\u00fcller sind in verschiedenen standard Gurtl\u00e4ngen bis zu 25 Metern erh\u00e4ltlich. Verschiedene Gurtl\u00e4ngen und Gurtbreiten k\u00f6nnen kombiniert werden. Die standard Hallenf\u00fcller sind mit Breston Teleskopb\u00e4nder koppelbar. Diese k\u00f6nnen nat\u00fcrlich auch mit anderen Marken kombiniert werden, wenn Sie diese bereits besitzen. Teleskopb\u00e4nder Breston Teleskopb\u00e4nder sind bei uns in verschiedenen Standardgr\u00f6\u00dfen und [&hellip;]<\/p>\n","protected":false},"author":6,"featured_media":0,"parent":0,"menu_order":0,"comment_status":"closed","ping_status":"closed","template":"page-sidebar-contact.php","meta":{"inline_featured_image":false,"footnotes":""},"class_list":["post-2906","page","type-page","status-publish","hentry"],"yoast_head":"<!-- This site is optimized with the Yoast SEO plugin v27.6 - https:\/\/yoast.com\/product\/yoast-seo-wordpress\/ -->\n<title>Breston - Agrar Systems<\/title>\n<meta name=\"robots\" content=\"index, follow, max-snippet:-1, max-image-preview:large, max-video-preview:-1\" \/>\n<link rel=\"canonical\" href=\"https:\/\/www.agrarsystems.nl\/de\/breston\/\" \/>\n<meta property=\"og:locale\" content=\"de_DE\" \/>\n<meta property=\"og:type\" content=\"article\" \/>\n<meta property=\"og:title\" content=\"Breston - Agrar Systems\" \/>\n<meta property=\"og:description\" content=\"Hallenf\u00fcller Die extrem schlanken Breston Hallenf\u00fcller sind in verschiedenen standard Gurtl\u00e4ngen bis zu 25 Metern erh\u00e4ltlich. Verschiedene Gurtl\u00e4ngen und Gurtbreiten k\u00f6nnen kombiniert werden. Die standard Hallenf\u00fcller sind mit Breston Teleskopb\u00e4nder koppelbar. Diese k\u00f6nnen nat\u00fcrlich auch mit anderen Marken kombiniert werden, wenn Sie diese bereits besitzen. Teleskopb\u00e4nder Breston Teleskopb\u00e4nder sind bei uns in verschiedenen Standardgr\u00f6\u00dfen und [&hellip;]\" \/>\n<meta property=\"og:url\" content=\"https:\/\/www.agrarsystems.nl\/de\/breston\/\" \/>\n<meta property=\"og:site_name\" content=\"Agrar Systems\" \/>\n<meta property=\"article:modified_time\" content=\"2024-11-20T07:42:05+00:00\" \/>\n<meta property=\"og:image\" content=\"https:\/\/www.agrarsystems.nl\/wp-content\/uploads\/2023\/01\/hallenvuller1-1.jpg\" \/>\n<meta name=\"twitter:card\" content=\"summary_large_image\" \/>\n<meta name=\"twitter:label1\" content=\"Est. reading time\" \/>\n\t<meta name=\"twitter:data1\" content=\"4 minutes\" \/>\n<script type=\"application\/ld+json\" class=\"yoast-schema-graph\">{\"@context\":\"https:\\\/\\\/schema.org\",\"@graph\":[{\"@type\":\"WebPage\",\"@id\":\"https:\\\/\\\/www.agrarsystems.nl\\\/de\\\/breston\\\/\",\"url\":\"https:\\\/\\\/www.agrarsystems.nl\\\/de\\\/breston\\\/\",\"name\":\"Breston - Agrar Systems\",\"isPartOf\":{\"@id\":\"https:\\\/\\\/www.agrarsystems.nl\\\/de\\\/#website\"},\"primaryImageOfPage\":{\"@id\":\"https:\\\/\\\/www.agrarsystems.nl\\\/de\\\/breston\\\/#primaryimage\"},\"image\":{\"@id\":\"https:\\\/\\\/www.agrarsystems.nl\\\/de\\\/breston\\\/#primaryimage\"},\"thumbnailUrl\":\"https:\\\/\\\/www.agrarsystems.nl\\\/wp-content\\\/uploads\\\/2023\\\/01\\\/hallenvuller1-1.jpg\",\"datePublished\":\"2022-12-01T10:52:48+00:00\",\"dateModified\":\"2024-11-20T07:42:05+00:00\",\"breadcrumb\":{\"@id\":\"https:\\\/\\\/www.agrarsystems.nl\\\/de\\\/breston\\\/#breadcrumb\"},\"inLanguage\":\"de-DE\",\"potentialAction\":[{\"@type\":\"ReadAction\",\"target\":[\"https:\\\/\\\/www.agrarsystems.nl\\\/de\\\/breston\\\/\"]}]},{\"@type\":\"ImageObject\",\"inLanguage\":\"de-DE\",\"@id\":\"https:\\\/\\\/www.agrarsystems.nl\\\/de\\\/breston\\\/#primaryimage\",\"url\":\"https:\\\/\\\/www.agrarsystems.nl\\\/wp-content\\\/uploads\\\/2023\\\/01\\\/hallenvuller1-1.jpg\",\"contentUrl\":\"https:\\\/\\\/www.agrarsystems.nl\\\/wp-content\\\/uploads\\\/2023\\\/01\\\/hallenvuller1-1.jpg\"},{\"@type\":\"BreadcrumbList\",\"@id\":\"https:\\\/\\\/www.agrarsystems.nl\\\/de\\\/breston\\\/#breadcrumb\",\"itemListElement\":[{\"@type\":\"ListItem\",\"position\":1,\"name\":\"Home\",\"item\":\"https:\\\/\\\/www.agrarsystems.nl\\\/de\\\/\"},{\"@type\":\"ListItem\",\"position\":2,\"name\":\"Breston\"}]},{\"@type\":\"WebSite\",\"@id\":\"https:\\\/\\\/www.agrarsystems.nl\\\/de\\\/#website\",\"url\":\"https:\\\/\\\/www.agrarsystems.nl\\\/de\\\/\",\"name\":\"Agrar Systems\",\"description\":\"Uw betrouwbare service partner voor al u agrarische vraagstukken!\",\"potentialAction\":[{\"@type\":\"SearchAction\",\"target\":{\"@type\":\"EntryPoint\",\"urlTemplate\":\"https:\\\/\\\/www.agrarsystems.nl\\\/de\\\/?s={search_term_string}\"},\"query-input\":{\"@type\":\"PropertyValueSpecification\",\"valueRequired\":true,\"valueName\":\"search_term_string\"}}],\"inLanguage\":\"de-DE\"}]}<\/script>\n<!-- \/ Yoast SEO plugin. -->","yoast_head_json":{"title":"Breston - Agrar Systems","robots":{"index":"index","follow":"follow","max-snippet":"max-snippet:-1","max-image-preview":"max-image-preview:large","max-video-preview":"max-video-preview:-1"},"canonical":"https:\/\/www.agrarsystems.nl\/de\/breston\/","og_locale":"de_DE","og_type":"article","og_title":"Breston - Agrar Systems","og_description":"Hallenf\u00fcller Die extrem schlanken Breston Hallenf\u00fcller sind in verschiedenen standard Gurtl\u00e4ngen bis zu 25 Metern erh\u00e4ltlich. Verschiedene Gurtl\u00e4ngen und Gurtbreiten k\u00f6nnen kombiniert werden. Die standard Hallenf\u00fcller sind mit Breston Teleskopb\u00e4nder koppelbar. Diese k\u00f6nnen nat\u00fcrlich auch mit anderen Marken kombiniert werden, wenn Sie diese bereits besitzen. Teleskopb\u00e4nder Breston Teleskopb\u00e4nder sind bei uns in verschiedenen Standardgr\u00f6\u00dfen und [&hellip;]","og_url":"https:\/\/www.agrarsystems.nl\/de\/breston\/","og_site_name":"Agrar Systems","article_modified_time":"2024-11-20T07:42:05+00:00","og_image":[{"url":"https:\/\/www.agrarsystems.nl\/wp-content\/uploads\/2023\/01\/hallenvuller1-1.jpg","type":"","width":"","height":""}],"twitter_card":"summary_large_image","twitter_misc":{"Est. reading time":"4 minutes"},"schema":{"@context":"https:\/\/schema.org","@graph":[{"@type":"WebPage","@id":"https:\/\/www.agrarsystems.nl\/de\/breston\/","url":"https:\/\/www.agrarsystems.nl\/de\/breston\/","name":"Breston - Agrar Systems","isPartOf":{"@id":"https:\/\/www.agrarsystems.nl\/de\/#website"},"primaryImageOfPage":{"@id":"https:\/\/www.agrarsystems.nl\/de\/breston\/#primaryimage"},"image":{"@id":"https:\/\/www.agrarsystems.nl\/de\/breston\/#primaryimage"},"thumbnailUrl":"https:\/\/www.agrarsystems.nl\/wp-content\/uploads\/2023\/01\/hallenvuller1-1.jpg","datePublished":"2022-12-01T10:52:48+00:00","dateModified":"2024-11-20T07:42:05+00:00","breadcrumb":{"@id":"https:\/\/www.agrarsystems.nl\/de\/breston\/#breadcrumb"},"inLanguage":"de-DE","potentialAction":[{"@type":"ReadAction","target":["https:\/\/www.agrarsystems.nl\/de\/breston\/"]}]},{"@type":"ImageObject","inLanguage":"de-DE","@id":"https:\/\/www.agrarsystems.nl\/de\/breston\/#primaryimage","url":"https:\/\/www.agrarsystems.nl\/wp-content\/uploads\/2023\/01\/hallenvuller1-1.jpg","contentUrl":"https:\/\/www.agrarsystems.nl\/wp-content\/uploads\/2023\/01\/hallenvuller1-1.jpg"},{"@type":"BreadcrumbList","@id":"https:\/\/www.agrarsystems.nl\/de\/breston\/#breadcrumb","itemListElement":[{"@type":"ListItem","position":1,"name":"Home","item":"https:\/\/www.agrarsystems.nl\/de\/"},{"@type":"ListItem","position":2,"name":"Breston"}]},{"@type":"WebSite","@id":"https:\/\/www.agrarsystems.nl\/de\/#website","url":"https:\/\/www.agrarsystems.nl\/de\/","name":"Agrar Systems","description":"Uw betrouwbare service partner voor al u agrarische vraagstukken!","potentialAction":[{"@type":"SearchAction","target":{"@type":"EntryPoint","urlTemplate":"https:\/\/www.agrarsystems.nl\/de\/?s={search_term_string}"},"query-input":{"@type":"PropertyValueSpecification","valueRequired":true,"valueName":"search_term_string"}}],"inLanguage":"de-DE"}]}},"_links":{"self":[{"href":"https:\/\/www.agrarsystems.nl\/de\/wp-json\/wp\/v2\/pages\/2906","targetHints":{"allow":["GET"]}}],"collection":[{"href":"https:\/\/www.agrarsystems.nl\/de\/wp-json\/wp\/v2\/pages"}],"about":[{"href":"https:\/\/www.agrarsystems.nl\/de\/wp-json\/wp\/v2\/types\/page"}],"author":[{"embeddable":true,"href":"https:\/\/www.agrarsystems.nl\/de\/wp-json\/wp\/v2\/users\/6"}],"replies":[{"embeddable":true,"href":"https:\/\/www.agrarsystems.nl\/de\/wp-json\/wp\/v2\/comments?post=2906"}],"version-history":[{"count":5,"href":"https:\/\/www.agrarsystems.nl\/de\/wp-json\/wp\/v2\/pages\/2906\/revisions"}],"predecessor-version":[{"id":5802,"href":"https:\/\/www.agrarsystems.nl\/de\/wp-json\/wp\/v2\/pages\/2906\/revisions\/5802"}],"wp:attachment":[{"href":"https:\/\/www.agrarsystems.nl\/de\/wp-json\/wp\/v2\/media?parent=2906"}],"curies":[{"name":"wp","href":"https:\/\/api.w.org\/{rel}","templated":true}]}}