{"id":2242,"date":"2022-03-30T17:24:12","date_gmt":"2022-03-30T17:24:12","guid":{"rendered":"https:\/\/www.agrarsystems.nl\/?page_id=2242"},"modified":"2024-11-27T16:01:24","modified_gmt":"2024-11-27T16:01:24","slug":"gercon","status":"publish","type":"page","link":"https:\/\/www.agrarsystems.nl\/de\/gercon\/","title":{"rendered":"WM-Techniek\/Gercon"},"content":{"rendered":"\n<h2 class=\"wp-block-heading is-style-borderleft has-medium-font-size\">WM-Techniek\/Gercon Kistenwender<\/h2>\n\n\n\n<p>Kistenwender mit Auslaufrollenbahn nach links oder rechts SPS-gesteuert, mit \u00fcbersichtlichem Touchscreen und drahtloser Fernbedienung. Anzahl der Umdrehungen und Neigungswinkel sind einstellbar. Die obere Abdeckung wird hydraulisch bet\u00e4tigt.<\/p>\n\n\n\n<p>Geeignet f\u00fcr die Standardkistengr\u00f6\u00dfe 1600 x 1200 x 1250.<\/p>\n\n\n\n<p>Optionen k\u00f6nnen sein:<\/p>\n\n\n\n<ul class=\"wp-block-list\">\n<li><em>Entladefunktion mit Bunker und Unterband<\/em><\/li>\n\n\n\n<li><em>Stabf\u00f6rderer (Rollenf\u00f6rderer)<\/em><\/li>\n\n\n\n<li><em>Gr\u00f6\u00dfere Bunkerkapazit\u00e4t<\/em><\/li>\n\n\n\n<li><em>Andere Kistengr\u00f6\u00dfen f\u00fcr Knollen usw<\/em><\/li>\n<\/ul>\n\n\n\n<div class=\"wp-block-columns is-layout-flex wp-container-core-columns-is-layout-9d6595d7 wp-block-columns-is-layout-flex\">\n<div class=\"wp-block-column is-layout-flow wp-block-column-is-layout-flow\">\n<figure class=\"wp-block-image size-full\"><img decoding=\"async\" width=\"1024\" height=\"768\" data-src=\"https:\/\/www.agrarsystems.nl\/wp-content\/uploads\/2024\/09\/IMG-20231222-WA0008.jpeg\" alt=\"\" class=\"wp-image-5357 lazyload\" data-srcset=\"https:\/\/www.agrarsystems.nl\/wp-content\/uploads\/2024\/09\/IMG-20231222-WA0008.jpeg 1024w, https:\/\/www.agrarsystems.nl\/wp-content\/uploads\/2024\/09\/IMG-20231222-WA0008-300x225.jpeg 300w, https:\/\/www.agrarsystems.nl\/wp-content\/uploads\/2024\/09\/IMG-20231222-WA0008-768x576.jpeg 768w\" data-sizes=\"(max-width: 1024px) 100vw, 1024px\" src=\"data:image\/svg+xml;base64,PHN2ZyB3aWR0aD0iMSIgaGVpZ2h0PSIxIiB4bWxucz0iaHR0cDovL3d3dy53My5vcmcvMjAwMC9zdmciPjwvc3ZnPg==\" style=\"--smush-placeholder-width: 1024px; --smush-placeholder-aspect-ratio: 1024\/768;\" \/><\/figure>\n<\/div>\n\n\n\n<div class=\"wp-block-column is-layout-flow wp-block-column-is-layout-flow\">\n<figure class=\"wp-block-image size-full\"><img decoding=\"async\" width=\"1024\" height=\"768\" data-src=\"https:\/\/www.agrarsystems.nl\/wp-content\/uploads\/2024\/09\/IMG-20231222-WA0005.jpeg\" alt=\"\" class=\"wp-image-5360 lazyload\" data-srcset=\"https:\/\/www.agrarsystems.nl\/wp-content\/uploads\/2024\/09\/IMG-20231222-WA0005.jpeg 1024w, https:\/\/www.agrarsystems.nl\/wp-content\/uploads\/2024\/09\/IMG-20231222-WA0005-300x225.jpeg 300w, https:\/\/www.agrarsystems.nl\/wp-content\/uploads\/2024\/09\/IMG-20231222-WA0005-768x576.jpeg 768w\" data-sizes=\"(max-width: 1024px) 100vw, 1024px\" src=\"data:image\/svg+xml;base64,PHN2ZyB3aWR0aD0iMSIgaGVpZ2h0PSIxIiB4bWxucz0iaHR0cDovL3d3dy53My5vcmcvMjAwMC9zdmciPjwvc3ZnPg==\" style=\"--smush-placeholder-width: 1024px; --smush-placeholder-aspect-ratio: 1024\/768;\" \/><\/figure>\n<\/div>\n<\/div>\n\n\n\n<div class=\"wp-block-columns is-layout-flex wp-container-core-columns-is-layout-9d6595d7 wp-block-columns-is-layout-flex\">\n<div class=\"wp-block-column is-layout-flow wp-block-column-is-layout-flow\">\n<figure class=\"wp-block-image size-full\"><img decoding=\"async\" width=\"1024\" height=\"768\" data-src=\"https:\/\/www.agrarsystems.nl\/wp-content\/uploads\/2024\/09\/IMG-20231222-WA0006.jpeg\" alt=\"\" class=\"wp-image-5363 lazyload\" data-srcset=\"https:\/\/www.agrarsystems.nl\/wp-content\/uploads\/2024\/09\/IMG-20231222-WA0006.jpeg 1024w, https:\/\/www.agrarsystems.nl\/wp-content\/uploads\/2024\/09\/IMG-20231222-WA0006-300x225.jpeg 300w, https:\/\/www.agrarsystems.nl\/wp-content\/uploads\/2024\/09\/IMG-20231222-WA0006-768x576.jpeg 768w\" data-sizes=\"(max-width: 1024px) 100vw, 1024px\" src=\"data:image\/svg+xml;base64,PHN2ZyB3aWR0aD0iMSIgaGVpZ2h0PSIxIiB4bWxucz0iaHR0cDovL3d3dy53My5vcmcvMjAwMC9zdmciPjwvc3ZnPg==\" style=\"--smush-placeholder-width: 1024px; --smush-placeholder-aspect-ratio: 1024\/768;\" \/><\/figure>\n<\/div>\n\n\n\n<div class=\"wp-block-column is-layout-flow wp-block-column-is-layout-flow\">\n<figure class=\"wp-block-image size-full\"><img decoding=\"async\" width=\"1024\" height=\"768\" data-src=\"https:\/\/www.agrarsystems.nl\/wp-content\/uploads\/2024\/09\/IMG-20231222-WA0007.jpeg\" alt=\"\" class=\"wp-image-5369 lazyload\" data-srcset=\"https:\/\/www.agrarsystems.nl\/wp-content\/uploads\/2024\/09\/IMG-20231222-WA0007.jpeg 1024w, https:\/\/www.agrarsystems.nl\/wp-content\/uploads\/2024\/09\/IMG-20231222-WA0007-300x225.jpeg 300w, https:\/\/www.agrarsystems.nl\/wp-content\/uploads\/2024\/09\/IMG-20231222-WA0007-768x576.jpeg 768w\" data-sizes=\"(max-width: 1024px) 100vw, 1024px\" src=\"data:image\/svg+xml;base64,PHN2ZyB3aWR0aD0iMSIgaGVpZ2h0PSIxIiB4bWxucz0iaHR0cDovL3d3dy53My5vcmcvMjAwMC9zdmciPjwvc3ZnPg==\" style=\"--smush-placeholder-width: 1024px; --smush-placeholder-aspect-ratio: 1024\/768;\" \/><\/figure>\n<\/div>\n<\/div>\n\n\n\n<hr class=\"wp-block-separator has-alpha-channel-opacity is-style-wide\"\/>\n\n\n\n<h2 class=\"wp-block-heading is-style-borderleft has-medium-font-size\">Bunker<\/h2>\n\n\n\n<p>Diese Maschine ist mit einem Kipper, einem Bunker mit weicher Landung, einem Fallbrecher und einem F\u00f6rderband ausgestattet. F\u00fcr zus\u00e4tzlichen Komfort ist eine drahtlose Fernbedienung im Lieferumfang enthalten. Der Kippvorgang kann bei Bedarf \u00fcber Sensoren automatisiert werden, was die Effizienz weiter erh\u00f6ht.<\/p>\n\n\n\n<p>Die Gr\u00f6\u00dfe des Bunkers kann vollst\u00e4ndig an Ihre Bed\u00fcrfnisse angepasst werden.<\/p>\n\n\n\n<figure class=\"wp-block-gallery has-nested-images columns-default is-cropped wp-block-gallery-1 is-layout-flex wp-block-gallery-is-layout-flex\">\n<figure class=\"wp-block-image size-large\"><img decoding=\"async\" width=\"1024\" height=\"768\" data-id=\"5551\" data-src=\"https:\/\/www.agrarsystems.nl\/wp-content\/uploads\/2024\/11\/Afbeelding-30-1024x768.jpeg\" alt=\"\" class=\"wp-image-5551 lazyload\" data-srcset=\"https:\/\/www.agrarsystems.nl\/wp-content\/uploads\/2024\/11\/Afbeelding-30-1024x768.jpeg 1024w, https:\/\/www.agrarsystems.nl\/wp-content\/uploads\/2024\/11\/Afbeelding-30-300x225.jpeg 300w, https:\/\/www.agrarsystems.nl\/wp-content\/uploads\/2024\/11\/Afbeelding-30-768x576.jpeg 768w, https:\/\/www.agrarsystems.nl\/wp-content\/uploads\/2024\/11\/Afbeelding-30-1536x1152.jpeg 1536w, https:\/\/www.agrarsystems.nl\/wp-content\/uploads\/2024\/11\/Afbeelding-30.jpeg 1600w\" data-sizes=\"(max-width: 1024px) 100vw, 1024px\" src=\"data:image\/svg+xml;base64,PHN2ZyB3aWR0aD0iMSIgaGVpZ2h0PSIxIiB4bWxucz0iaHR0cDovL3d3dy53My5vcmcvMjAwMC9zdmciPjwvc3ZnPg==\" style=\"--smush-placeholder-width: 1024px; --smush-placeholder-aspect-ratio: 1024\/768;\" \/><\/figure>\n\n\n\n<figure class=\"wp-block-image size-large\"><img decoding=\"async\" width=\"768\" height=\"1024\" data-id=\"5554\" data-src=\"https:\/\/www.agrarsystems.nl\/wp-content\/uploads\/2024\/11\/Afbeelding-31-768x1024.jpeg\" alt=\"\" class=\"wp-image-5554 lazyload\" data-srcset=\"https:\/\/www.agrarsystems.nl\/wp-content\/uploads\/2024\/11\/Afbeelding-31-768x1024.jpeg 768w, https:\/\/www.agrarsystems.nl\/wp-content\/uploads\/2024\/11\/Afbeelding-31-225x300.jpeg 225w, https:\/\/www.agrarsystems.nl\/wp-content\/uploads\/2024\/11\/Afbeelding-31-1152x1536.jpeg 1152w, https:\/\/www.agrarsystems.nl\/wp-content\/uploads\/2024\/11\/Afbeelding-31.jpeg 1440w\" data-sizes=\"(max-width: 768px) 100vw, 768px\" src=\"data:image\/svg+xml;base64,PHN2ZyB3aWR0aD0iMSIgaGVpZ2h0PSIxIiB4bWxucz0iaHR0cDovL3d3dy53My5vcmcvMjAwMC9zdmciPjwvc3ZnPg==\" style=\"--smush-placeholder-width: 768px; --smush-placeholder-aspect-ratio: 768\/1024;\" \/><\/figure>\n<\/figure>\n\n\n\n<hr class=\"wp-block-separator has-alpha-channel-opacity\"\/>\n\n\n\n<h2 class=\"wp-block-heading is-style-borderleft has-medium-font-size\">Sortierwagen<\/h2>\n\n\n\n<p>Vollelektrischer Kartoffelsortierwagen. Raupenantrieb f\u00fcr Grip und stabiles Fahren unter allen Bedingungen.<\/p>\n\n\n\n<div class=\"wp-block-columns is-layout-flex wp-container-core-columns-is-layout-9d6595d7 wp-block-columns-is-layout-flex\">\n<div class=\"wp-block-column is-layout-flow wp-block-column-is-layout-flow\">\n<figure class=\"wp-block-image size-full\"><img decoding=\"async\" width=\"1000\" height=\"750\" data-src=\"https:\/\/www.agrarsystems.nl\/wp-content\/uploads\/2022\/03\/Gercon-Selectie-wagen-3.jpg\" alt=\"\" class=\"wp-image-619 lazyload\" data-srcset=\"https:\/\/www.agrarsystems.nl\/wp-content\/uploads\/2022\/03\/Gercon-Selectie-wagen-3.jpg 1000w, https:\/\/www.agrarsystems.nl\/wp-content\/uploads\/2022\/03\/Gercon-Selectie-wagen-3-300x225.jpg 300w, https:\/\/www.agrarsystems.nl\/wp-content\/uploads\/2022\/03\/Gercon-Selectie-wagen-3-768x576.jpg 768w\" data-sizes=\"(max-width: 1000px) 100vw, 1000px\" src=\"data:image\/svg+xml;base64,PHN2ZyB3aWR0aD0iMSIgaGVpZ2h0PSIxIiB4bWxucz0iaHR0cDovL3d3dy53My5vcmcvMjAwMC9zdmciPjwvc3ZnPg==\" style=\"--smush-placeholder-width: 1000px; --smush-placeholder-aspect-ratio: 1000\/750;\" \/><\/figure>\n<\/div>\n\n\n\n<div class=\"wp-block-column is-layout-flow wp-block-column-is-layout-flow\">\n<figure class=\"wp-block-image size-full\"><img decoding=\"async\" width=\"1000\" height=\"750\" data-src=\"https:\/\/www.agrarsystems.nl\/wp-content\/uploads\/2022\/03\/Gercon-Selectie-wagen-2.jpg\" alt=\"\" class=\"wp-image-618 lazyload\" data-srcset=\"https:\/\/www.agrarsystems.nl\/wp-content\/uploads\/2022\/03\/Gercon-Selectie-wagen-2.jpg 1000w, https:\/\/www.agrarsystems.nl\/wp-content\/uploads\/2022\/03\/Gercon-Selectie-wagen-2-300x225.jpg 300w, https:\/\/www.agrarsystems.nl\/wp-content\/uploads\/2022\/03\/Gercon-Selectie-wagen-2-768x576.jpg 768w\" data-sizes=\"(max-width: 1000px) 100vw, 1000px\" src=\"data:image\/svg+xml;base64,PHN2ZyB3aWR0aD0iMSIgaGVpZ2h0PSIxIiB4bWxucz0iaHR0cDovL3d3dy53My5vcmcvMjAwMC9zdmciPjwvc3ZnPg==\" style=\"--smush-placeholder-width: 1000px; --smush-placeholder-aspect-ratio: 1000\/750;\" \/><\/figure>\n<\/div>\n<\/div>\n\n\n\n<div class=\"wp-block-columns is-layout-flex wp-container-core-columns-is-layout-9d6595d7 wp-block-columns-is-layout-flex\">\n<div class=\"wp-block-column is-layout-flow wp-block-column-is-layout-flow\">\n<figure class=\"wp-block-image size-full\"><img decoding=\"async\" width=\"750\" height=\"1000\" data-src=\"https:\/\/www.agrarsystems.nl\/wp-content\/uploads\/2022\/03\/Gercon-Selectie-wagen-1-1.jpg\" alt=\"\" class=\"wp-image-622 lazyload\" data-srcset=\"https:\/\/www.agrarsystems.nl\/wp-content\/uploads\/2022\/03\/Gercon-Selectie-wagen-1-1.jpg 750w, https:\/\/www.agrarsystems.nl\/wp-content\/uploads\/2022\/03\/Gercon-Selectie-wagen-1-1-225x300.jpg 225w\" data-sizes=\"(max-width: 750px) 100vw, 750px\" src=\"data:image\/svg+xml;base64,PHN2ZyB3aWR0aD0iMSIgaGVpZ2h0PSIxIiB4bWxucz0iaHR0cDovL3d3dy53My5vcmcvMjAwMC9zdmciPjwvc3ZnPg==\" style=\"--smush-placeholder-width: 750px; --smush-placeholder-aspect-ratio: 750\/1000;\" \/><\/figure>\n<\/div>\n\n\n\n<div class=\"wp-block-column is-layout-flow wp-block-column-is-layout-flow\">\n<figure class=\"wp-block-image size-full\"><img decoding=\"async\" width=\"750\" height=\"1000\" data-src=\"https:\/\/www.agrarsystems.nl\/wp-content\/uploads\/2022\/03\/Gercon-Selectie-wagen-4.jpg\" alt=\"\" class=\"wp-image-620 lazyload\" data-srcset=\"https:\/\/www.agrarsystems.nl\/wp-content\/uploads\/2022\/03\/Gercon-Selectie-wagen-4.jpg 750w, https:\/\/www.agrarsystems.nl\/wp-content\/uploads\/2022\/03\/Gercon-Selectie-wagen-4-225x300.jpg 225w\" data-sizes=\"(max-width: 750px) 100vw, 750px\" src=\"data:image\/svg+xml;base64,PHN2ZyB3aWR0aD0iMSIgaGVpZ2h0PSIxIiB4bWxucz0iaHR0cDovL3d3dy53My5vcmcvMjAwMC9zdmciPjwvc3ZnPg==\" style=\"--smush-placeholder-width: 750px; --smush-placeholder-aspect-ratio: 750\/1000;\" \/><\/figure>\n<\/div>\n<\/div>\n","protected":false},"excerpt":{"rendered":"<p>WM-Techniek\/Gercon Kistenwender Kistenwender mit Auslaufrollenbahn nach links oder rechts SPS-gesteuert, mit \u00fcbersichtlichem Touchscreen und drahtloser Fernbedienung. Anzahl der Umdrehungen und Neigungswinkel sind einstellbar. Die obere Abdeckung wird hydraulisch bet\u00e4tigt. Geeignet f\u00fcr die Standardkistengr\u00f6\u00dfe 1600 x 1200 x 1250. Optionen k\u00f6nnen sein: Bunker Diese Maschine ist mit einem Kipper, einem Bunker mit weicher Landung, einem Fallbrecher [&hellip;]<\/p>\n","protected":false},"author":2,"featured_media":0,"parent":0,"menu_order":3,"comment_status":"closed","ping_status":"closed","template":"page-sidebar-contact.php","meta":{"inline_featured_image":false,"footnotes":""},"class_list":["post-2242","page","type-page","status-publish","hentry"],"yoast_head":"<!-- This site is optimized with the Yoast SEO plugin v27.4 - https:\/\/yoast.com\/product\/yoast-seo-wordpress\/ -->\n<title>WM-Techniek\/Gercon - Agrar Systems<\/title>\n<meta name=\"robots\" content=\"index, follow, max-snippet:-1, max-image-preview:large, max-video-preview:-1\" \/>\n<link rel=\"canonical\" href=\"https:\/\/www.agrarsystems.nl\/de\/gercon\/\" \/>\n<meta property=\"og:locale\" content=\"de_DE\" \/>\n<meta property=\"og:type\" content=\"article\" \/>\n<meta property=\"og:title\" content=\"WM-Techniek\/Gercon - Agrar Systems\" \/>\n<meta property=\"og:description\" content=\"WM-Techniek\/Gercon Kistenwender Kistenwender mit Auslaufrollenbahn nach links oder rechts SPS-gesteuert, mit \u00fcbersichtlichem Touchscreen und drahtloser Fernbedienung. Anzahl der Umdrehungen und Neigungswinkel sind einstellbar. Die obere Abdeckung wird hydraulisch bet\u00e4tigt. Geeignet f\u00fcr die Standardkistengr\u00f6\u00dfe 1600 x 1200 x 1250. Optionen k\u00f6nnen sein: Bunker Diese Maschine ist mit einem Kipper, einem Bunker mit weicher Landung, einem Fallbrecher [&hellip;]\" \/>\n<meta property=\"og:url\" content=\"https:\/\/www.agrarsystems.nl\/de\/gercon\/\" \/>\n<meta property=\"og:site_name\" content=\"Agrar Systems\" \/>\n<meta property=\"article:modified_time\" content=\"2024-11-27T16:01:24+00:00\" \/>\n<meta property=\"og:image\" content=\"https:\/\/www.agrarsystems.nl\/wp-content\/uploads\/2024\/09\/IMG-20231222-WA0008.jpeg\" \/>\n<meta name=\"twitter:card\" content=\"summary_large_image\" \/>\n<meta name=\"twitter:label1\" content=\"Est. reading time\" \/>\n\t<meta name=\"twitter:data1\" content=\"3 minutes\" \/>\n<script type=\"application\/ld+json\" class=\"yoast-schema-graph\">{\"@context\":\"https:\\\/\\\/schema.org\",\"@graph\":[{\"@type\":\"WebPage\",\"@id\":\"https:\\\/\\\/www.agrarsystems.nl\\\/de\\\/gercon\\\/\",\"url\":\"https:\\\/\\\/www.agrarsystems.nl\\\/de\\\/gercon\\\/\",\"name\":\"WM-Techniek\\\/Gercon - Agrar Systems\",\"isPartOf\":{\"@id\":\"https:\\\/\\\/www.agrarsystems.nl\\\/de\\\/#website\"},\"primaryImageOfPage\":{\"@id\":\"https:\\\/\\\/www.agrarsystems.nl\\\/de\\\/gercon\\\/#primaryimage\"},\"image\":{\"@id\":\"https:\\\/\\\/www.agrarsystems.nl\\\/de\\\/gercon\\\/#primaryimage\"},\"thumbnailUrl\":\"https:\\\/\\\/www.agrarsystems.nl\\\/wp-content\\\/uploads\\\/2024\\\/09\\\/IMG-20231222-WA0008.jpeg\",\"datePublished\":\"2022-03-30T17:24:12+00:00\",\"dateModified\":\"2024-11-27T16:01:24+00:00\",\"breadcrumb\":{\"@id\":\"https:\\\/\\\/www.agrarsystems.nl\\\/de\\\/gercon\\\/#breadcrumb\"},\"inLanguage\":\"de-DE\",\"potentialAction\":[{\"@type\":\"ReadAction\",\"target\":[\"https:\\\/\\\/www.agrarsystems.nl\\\/de\\\/gercon\\\/\"]}]},{\"@type\":\"ImageObject\",\"inLanguage\":\"de-DE\",\"@id\":\"https:\\\/\\\/www.agrarsystems.nl\\\/de\\\/gercon\\\/#primaryimage\",\"url\":\"https:\\\/\\\/www.agrarsystems.nl\\\/wp-content\\\/uploads\\\/2024\\\/09\\\/IMG-20231222-WA0008.jpeg\",\"contentUrl\":\"https:\\\/\\\/www.agrarsystems.nl\\\/wp-content\\\/uploads\\\/2024\\\/09\\\/IMG-20231222-WA0008.jpeg\"},{\"@type\":\"BreadcrumbList\",\"@id\":\"https:\\\/\\\/www.agrarsystems.nl\\\/de\\\/gercon\\\/#breadcrumb\",\"itemListElement\":[{\"@type\":\"ListItem\",\"position\":1,\"name\":\"Home\",\"item\":\"https:\\\/\\\/www.agrarsystems.nl\\\/de\\\/\"},{\"@type\":\"ListItem\",\"position\":2,\"name\":\"WM-Techniek\\\/Gercon\"}]},{\"@type\":\"WebSite\",\"@id\":\"https:\\\/\\\/www.agrarsystems.nl\\\/de\\\/#website\",\"url\":\"https:\\\/\\\/www.agrarsystems.nl\\\/de\\\/\",\"name\":\"Agrar Systems\",\"description\":\"Uw betrouwbare service partner voor al u agrarische vraagstukken!\",\"potentialAction\":[{\"@type\":\"SearchAction\",\"target\":{\"@type\":\"EntryPoint\",\"urlTemplate\":\"https:\\\/\\\/www.agrarsystems.nl\\\/de\\\/?s={search_term_string}\"},\"query-input\":{\"@type\":\"PropertyValueSpecification\",\"valueRequired\":true,\"valueName\":\"search_term_string\"}}],\"inLanguage\":\"de-DE\"}]}<\/script>\n<!-- \/ Yoast SEO plugin. -->","yoast_head_json":{"title":"WM-Techniek\/Gercon - Agrar Systems","robots":{"index":"index","follow":"follow","max-snippet":"max-snippet:-1","max-image-preview":"max-image-preview:large","max-video-preview":"max-video-preview:-1"},"canonical":"https:\/\/www.agrarsystems.nl\/de\/gercon\/","og_locale":"de_DE","og_type":"article","og_title":"WM-Techniek\/Gercon - Agrar Systems","og_description":"WM-Techniek\/Gercon Kistenwender Kistenwender mit Auslaufrollenbahn nach links oder rechts SPS-gesteuert, mit \u00fcbersichtlichem Touchscreen und drahtloser Fernbedienung. Anzahl der Umdrehungen und Neigungswinkel sind einstellbar. Die obere Abdeckung wird hydraulisch bet\u00e4tigt. Geeignet f\u00fcr die Standardkistengr\u00f6\u00dfe 1600 x 1200 x 1250. Optionen k\u00f6nnen sein: Bunker Diese Maschine ist mit einem Kipper, einem Bunker mit weicher Landung, einem Fallbrecher [&hellip;]","og_url":"https:\/\/www.agrarsystems.nl\/de\/gercon\/","og_site_name":"Agrar Systems","article_modified_time":"2024-11-27T16:01:24+00:00","og_image":[{"url":"https:\/\/www.agrarsystems.nl\/wp-content\/uploads\/2024\/09\/IMG-20231222-WA0008.jpeg","type":"","width":"","height":""}],"twitter_card":"summary_large_image","twitter_misc":{"Est. reading time":"3 minutes"},"schema":{"@context":"https:\/\/schema.org","@graph":[{"@type":"WebPage","@id":"https:\/\/www.agrarsystems.nl\/de\/gercon\/","url":"https:\/\/www.agrarsystems.nl\/de\/gercon\/","name":"WM-Techniek\/Gercon - Agrar Systems","isPartOf":{"@id":"https:\/\/www.agrarsystems.nl\/de\/#website"},"primaryImageOfPage":{"@id":"https:\/\/www.agrarsystems.nl\/de\/gercon\/#primaryimage"},"image":{"@id":"https:\/\/www.agrarsystems.nl\/de\/gercon\/#primaryimage"},"thumbnailUrl":"https:\/\/www.agrarsystems.nl\/wp-content\/uploads\/2024\/09\/IMG-20231222-WA0008.jpeg","datePublished":"2022-03-30T17:24:12+00:00","dateModified":"2024-11-27T16:01:24+00:00","breadcrumb":{"@id":"https:\/\/www.agrarsystems.nl\/de\/gercon\/#breadcrumb"},"inLanguage":"de-DE","potentialAction":[{"@type":"ReadAction","target":["https:\/\/www.agrarsystems.nl\/de\/gercon\/"]}]},{"@type":"ImageObject","inLanguage":"de-DE","@id":"https:\/\/www.agrarsystems.nl\/de\/gercon\/#primaryimage","url":"https:\/\/www.agrarsystems.nl\/wp-content\/uploads\/2024\/09\/IMG-20231222-WA0008.jpeg","contentUrl":"https:\/\/www.agrarsystems.nl\/wp-content\/uploads\/2024\/09\/IMG-20231222-WA0008.jpeg"},{"@type":"BreadcrumbList","@id":"https:\/\/www.agrarsystems.nl\/de\/gercon\/#breadcrumb","itemListElement":[{"@type":"ListItem","position":1,"name":"Home","item":"https:\/\/www.agrarsystems.nl\/de\/"},{"@type":"ListItem","position":2,"name":"WM-Techniek\/Gercon"}]},{"@type":"WebSite","@id":"https:\/\/www.agrarsystems.nl\/de\/#website","url":"https:\/\/www.agrarsystems.nl\/de\/","name":"Agrar Systems","description":"Uw betrouwbare service partner voor al u agrarische vraagstukken!","potentialAction":[{"@type":"SearchAction","target":{"@type":"EntryPoint","urlTemplate":"https:\/\/www.agrarsystems.nl\/de\/?s={search_term_string}"},"query-input":{"@type":"PropertyValueSpecification","valueRequired":true,"valueName":"search_term_string"}}],"inLanguage":"de-DE"}]}},"_links":{"self":[{"href":"https:\/\/www.agrarsystems.nl\/de\/wp-json\/wp\/v2\/pages\/2242","targetHints":{"allow":["GET"]}}],"collection":[{"href":"https:\/\/www.agrarsystems.nl\/de\/wp-json\/wp\/v2\/pages"}],"about":[{"href":"https:\/\/www.agrarsystems.nl\/de\/wp-json\/wp\/v2\/types\/page"}],"author":[{"embeddable":true,"href":"https:\/\/www.agrarsystems.nl\/de\/wp-json\/wp\/v2\/users\/2"}],"replies":[{"embeddable":true,"href":"https:\/\/www.agrarsystems.nl\/de\/wp-json\/wp\/v2\/comments?post=2242"}],"version-history":[{"count":6,"href":"https:\/\/www.agrarsystems.nl\/de\/wp-json\/wp\/v2\/pages\/2242\/revisions"}],"predecessor-version":[{"id":5819,"href":"https:\/\/www.agrarsystems.nl\/de\/wp-json\/wp\/v2\/pages\/2242\/revisions\/5819"}],"wp:attachment":[{"href":"https:\/\/www.agrarsystems.nl\/de\/wp-json\/wp\/v2\/media?parent=2242"}],"curies":[{"name":"wp","href":"https:\/\/api.w.org\/{rel}","templated":true}]}}