{"id":2141,"date":"2022-02-21T15:59:30","date_gmt":"2022-02-21T15:59:30","guid":{"rendered":"https:\/\/www.agrarsystems.nl\/homepage\/"},"modified":"2025-09-16T15:38:04","modified_gmt":"2025-09-16T15:38:04","slug":"homepage","status":"publish","type":"page","link":"https:\/\/www.agrarsystems.nl\/de\/","title":{"rendered":"Homepage"},"content":{"rendered":"\n<div class=\"wp-block-columns is-layout-flex wp-container-core-columns-is-layout-28f84493 wp-block-columns-is-layout-flex\">\n<div class=\"wp-block-column is-layout-flow wp-block-column-is-layout-flow\"><\/div>\n\n\n\n<div class=\"wp-block-column is-layout-flow wp-block-column-is-layout-flow\"><\/div>\n\n\n\n<div class=\"wp-block-column is-layout-flow wp-block-column-is-layout-flow\"><\/div>\n<\/div>\n\n\n\n<div style=\"height:100px\" aria-hidden=\"true\" class=\"wp-block-spacer\"><\/div>\n\n\n\n<div class=\"wp-block-columns is-layout-flex wp-container-core-columns-is-layout-28f84493 wp-block-columns-is-layout-flex\">\n<div class=\"wp-block-column is-layout-flow wp-block-column-is-layout-flow\" style=\"flex-basis:45%\">\n<h2 class=\"wp-block-heading is-style-borderleft\" id=\"onze-merken\"><strong>Unsere Marken<\/strong><\/h2>\n\n\n\n<p>Wir sind stolz auf unsere Marken. Die Marken, die wir vertreten, haben sich alle im Agrarsektor und dar\u00fcber hinaus bew\u00e4hrt.<\/p>\n\n\n\n<p>Durch Zusammenarbeit, Spezialisierung und Erfahrung k\u00f6nnen wir unseren Kunden die beste L\u00f6sung anbieten.<\/p>\n\n\n\n<p>Wir tun dies von unserem Hauptsitz in Emmeloord in den Niederlanden aus, aber wir haben auch Verkaufsstellen in Kanada, England und Deutschland. Au\u00dferdem hat Agrar Systems Kunden in der ganzen Welt.<br><\/p>\n\n\n\n<p><\/p>\n<\/div>\n\n\n\n<div class=\"wp-block-column is-layout-flow wp-block-column-is-layout-flow\" style=\"flex-basis:55%\">\n<div class=\"wp-block-columns is-layout-flex wp-container-core-columns-is-layout-28f84493 wp-block-columns-is-layout-flex\">\n<div class=\"wp-block-column is-layout-flow wp-block-column-is-layout-flow\">\n<figure class=\"wp-block-gallery has-nested-images columns-default is-cropped wp-block-gallery-1 is-layout-flex wp-block-gallery-is-layout-flex\">\n<figure class=\"wp-block-image size-full is-style-setgray\"><a href=\"https:\/\/www.agrarsystems.nl\/de\/agrar-systems\/\"><img decoding=\"async\" data-id=\"2523\" data-src=\"https:\/\/www.agrarsystems.nl\/wp-content\/uploads\/2022\/11\/logo-agrar-3.png\" alt=\"\" class=\"wp-image-2523 lazyload\" src=\"data:image\/svg+xml;base64,PHN2ZyB3aWR0aD0iMSIgaGVpZ2h0PSIxIiB4bWxucz0iaHR0cDovL3d3dy53My5vcmcvMjAwMC9zdmciPjwvc3ZnPg==\" style=\"--smush-placeholder-width: 426px; --smush-placeholder-aspect-ratio: 426\/118;\" \/><\/a><\/figure>\n<\/figure>\n<\/div>\n\n\n\n<div class=\"wp-block-column is-layout-flow wp-block-column-is-layout-flow\">\n<figure class=\"wp-block-gallery has-nested-images columns-default is-cropped wp-block-gallery-2 is-layout-flex wp-block-gallery-is-layout-flex\">\n<figure class=\"wp-block-image size-full is-style-setgray\"><a href=\"https:\/\/www.agrarsystems.nl\/de\/breston\/\"><img decoding=\"async\" data-id=\"1520\" data-src=\"https:\/\/www.agrarsystems.nl\/wp-content\/uploads\/2022\/03\/Merken-logos_Breston-Kleur.jpg\" alt=\"\" class=\"wp-image-1520 lazyload\" src=\"data:image\/svg+xml;base64,PHN2ZyB3aWR0aD0iMSIgaGVpZ2h0PSIxIiB4bWxucz0iaHR0cDovL3d3dy53My5vcmcvMjAwMC9zdmciPjwvc3ZnPg==\" style=\"--smush-placeholder-width: 212px; --smush-placeholder-aspect-ratio: 212\/80;\" \/><\/a><\/figure>\n<\/figure>\n<\/div>\n\n\n\n<div class=\"wp-block-column is-layout-flow wp-block-column-is-layout-flow\">\n<figure class=\"wp-block-gallery has-nested-images columns-default is-cropped wp-block-gallery-3 is-layout-flex wp-block-gallery-is-layout-flex\">\n<figure class=\"wp-block-image size-full is-style-setgray\"><a href=\"https:\/\/www.agrarsystems.nl\/de\/keulmac\/\"><img decoding=\"async\" data-id=\"1508\" data-src=\"https:\/\/www.agrarsystems.nl\/wp-content\/uploads\/2022\/03\/Merken-logos_Keulmac-kleur.jpg\" alt=\"\" class=\"wp-image-1508 lazyload\" src=\"data:image\/svg+xml;base64,PHN2ZyB3aWR0aD0iMSIgaGVpZ2h0PSIxIiB4bWxucz0iaHR0cDovL3d3dy53My5vcmcvMjAwMC9zdmciPjwvc3ZnPg==\" style=\"--smush-placeholder-width: 212px; --smush-placeholder-aspect-ratio: 212\/81;\" \/><\/a><\/figure>\n<\/figure>\n<\/div>\n<\/div>\n\n\n\n<div class=\"wp-block-columns is-layout-flex wp-container-core-columns-is-layout-28f84493 wp-block-columns-is-layout-flex\">\n<div class=\"wp-block-column is-layout-flow wp-block-column-is-layout-flow\">\n<figure class=\"wp-block-gallery has-nested-images columns-default is-cropped wp-block-gallery-4 is-layout-flex wp-block-gallery-is-layout-flex\">\n<figure class=\"wp-block-image size-full is-style-setgray\"><a href=\"https:\/\/www.agrarsystems.nl\/de\/gercon\/\"><img decoding=\"async\" data-id=\"5377\" data-src=\"https:\/\/www.agrarsystems.nl\/wp-content\/uploads\/2024\/09\/image003.png\" alt=\"\" class=\"wp-image-5377 lazyload\" src=\"data:image\/svg+xml;base64,PHN2ZyB3aWR0aD0iMSIgaGVpZ2h0PSIxIiB4bWxucz0iaHR0cDovL3d3dy53My5vcmcvMjAwMC9zdmciPjwvc3ZnPg==\" style=\"--smush-placeholder-width: 258px; --smush-placeholder-aspect-ratio: 258\/129;\" \/><\/a><\/figure>\n<\/figure>\n<\/div>\n\n\n\n<div class=\"wp-block-column is-layout-flow wp-block-column-is-layout-flow\">\n<figure class=\"wp-block-gallery has-nested-images columns-default is-cropped wp-block-gallery-5 is-layout-flex wp-block-gallery-is-layout-flex\">\n<figure class=\"wp-block-image size-full is-style-setgray\"><a href=\"https:\/\/www.agrarsystems.nl\/de\/gercon\/\"><img decoding=\"async\" width=\"213\" height=\"81\" data-id=\"532\" data-src=\"https:\/\/www.agrarsystems.nl\/wp-content\/uploads\/2022\/03\/Merken-logos_Gerson-kleur.jpg\" alt=\"\" class=\"wp-image-532 lazyload\" src=\"data:image\/svg+xml;base64,PHN2ZyB3aWR0aD0iMSIgaGVpZ2h0PSIxIiB4bWxucz0iaHR0cDovL3d3dy53My5vcmcvMjAwMC9zdmciPjwvc3ZnPg==\" style=\"--smush-placeholder-width: 213px; --smush-placeholder-aspect-ratio: 213\/81;\" \/><\/a><\/figure>\n<\/figure>\n<\/div>\n\n\n\n<div class=\"wp-block-column is-layout-flow wp-block-column-is-layout-flow\">\n<figure class=\"wp-block-gallery has-nested-images columns-default is-cropped wp-block-gallery-6 is-layout-flex wp-block-gallery-is-layout-flex\">\n<figure class=\"wp-block-image size-full is-style-setgray\"><a href=\"https:\/\/www.agrarsystems.nl\/de\/visser\/\"><img decoding=\"async\" data-id=\"1516\" data-src=\"https:\/\/www.agrarsystems.nl\/wp-content\/uploads\/2022\/03\/Merken-logos_Visser-Kleur.jpg\" alt=\"\" class=\"wp-image-1516 lazyload\" src=\"data:image\/svg+xml;base64,PHN2ZyB3aWR0aD0iMSIgaGVpZ2h0PSIxIiB4bWxucz0iaHR0cDovL3d3dy53My5vcmcvMjAwMC9zdmciPjwvc3ZnPg==\" style=\"--smush-placeholder-width: 213px; --smush-placeholder-aspect-ratio: 213\/80;\" \/><\/a><\/figure>\n<\/figure>\n<\/div>\n<\/div>\n\n\n\n<div class=\"wp-block-columns is-layout-flex wp-container-core-columns-is-layout-28f84493 wp-block-columns-is-layout-flex\">\n<div class=\"wp-block-column is-layout-flow wp-block-column-is-layout-flow\">\n<figure class=\"wp-block-gallery has-nested-images columns-default is-cropped wp-block-gallery-7 is-layout-flex wp-block-gallery-is-layout-flex\">\n<figure class=\"wp-block-image size-full is-style-setgray\"><a href=\"https:\/\/www.agrarsystems.nl\/de\/schouten\/\"><img fetchpriority=\"high\" decoding=\"async\" width=\"442\" height=\"168\" data-id=\"1086\" src=\"https:\/\/www.agrarsystems.nl\/wp-content\/uploads\/2022\/04\/Merken-logos_Schouten-logo-kleur.png\" alt=\"\" class=\"wp-image-1086\" srcset=\"https:\/\/www.agrarsystems.nl\/wp-content\/uploads\/2022\/04\/Merken-logos_Schouten-logo-kleur.png 442w, https:\/\/www.agrarsystems.nl\/wp-content\/uploads\/2022\/04\/Merken-logos_Schouten-logo-kleur-300x114.png 300w\" sizes=\"(max-width: 442px) 100vw, 442px\" \/><\/a><\/figure>\n<\/figure>\n<\/div>\n\n\n\n<div class=\"wp-block-column is-layout-flow wp-block-column-is-layout-flow\">\n<figure class=\"wp-block-gallery has-nested-images columns-default is-cropped wp-block-gallery-8 is-layout-flex wp-block-gallery-is-layout-flex\">\n<figure class=\"wp-block-image size-full is-style-setgray\"><a href=\"https:\/\/www.agrarsystems.nl\/de\/thomech\/\"><img decoding=\"async\" data-id=\"4086\" data-src=\"https:\/\/www.agrarsystems.nl\/wp-content\/uploads\/2023\/03\/logo-Thomech.png\" alt=\"\" class=\"wp-image-4086 lazyload\" src=\"data:image\/svg+xml;base64,PHN2ZyB3aWR0aD0iMSIgaGVpZ2h0PSIxIiB4bWxucz0iaHR0cDovL3d3dy53My5vcmcvMjAwMC9zdmciPjwvc3ZnPg==\" style=\"--smush-placeholder-width: 1920px; --smush-placeholder-aspect-ratio: 1920\/693;\" \/><\/a><\/figure>\n<\/figure>\n<\/div>\n\n\n\n<div class=\"wp-block-column is-layout-flow wp-block-column-is-layout-flow\">\n<figure class=\"wp-block-gallery has-nested-images columns-default is-cropped wp-block-gallery-9 is-layout-flex wp-block-gallery-is-layout-flex\">\n<figure class=\"wp-block-image size-full is-style-setgray\"><a href=\"https:\/\/www.agrarsystems.nl\/de\/meconaf\/\"><img decoding=\"async\" data-id=\"5704\" data-src=\"https:\/\/www.agrarsystems.nl\/wp-content\/uploads\/2024\/11\/Afbeelding-15.jpeg\" alt=\"\" class=\"wp-image-5704 lazyload\" src=\"data:image\/svg+xml;base64,PHN2ZyB3aWR0aD0iMSIgaGVpZ2h0PSIxIiB4bWxucz0iaHR0cDovL3d3dy53My5vcmcvMjAwMC9zdmciPjwvc3ZnPg==\" style=\"--smush-placeholder-width: 265px; --smush-placeholder-aspect-ratio: 265\/93;\" \/><\/a><\/figure>\n<\/figure>\n<\/div>\n<\/div>\n\n\n\n<div class=\"wp-block-columns is-layout-flex wp-container-core-columns-is-layout-28f84493 wp-block-columns-is-layout-flex\">\n<div class=\"wp-block-column is-layout-flow wp-block-column-is-layout-flow\">\n<figure class=\"wp-block-gallery has-nested-images columns-default is-cropped wp-block-gallery-10 is-layout-flex wp-block-gallery-is-layout-flex\">\n<figure class=\"wp-block-image size-full is-style-setgray\"><a href=\"https:\/\/www.agrarsystems.nl\/de\/haslo-van-rijn\/\"><img decoding=\"async\" data-id=\"1502\" data-src=\"https:\/\/www.agrarsystems.nl\/wp-content\/uploads\/2022\/03\/Merken-logos_Haslo-kleur.jpg\" alt=\"\" class=\"wp-image-1502 lazyload\" src=\"data:image\/svg+xml;base64,PHN2ZyB3aWR0aD0iMSIgaGVpZ2h0PSIxIiB4bWxucz0iaHR0cDovL3d3dy53My5vcmcvMjAwMC9zdmciPjwvc3ZnPg==\" style=\"--smush-placeholder-width: 213px; --smush-placeholder-aspect-ratio: 213\/81;\" \/><\/a><\/figure>\n<\/figure>\n<\/div>\n\n\n\n<div class=\"wp-block-column is-layout-flow wp-block-column-is-layout-flow\">\n<figure class=\"wp-block-gallery has-nested-images columns-default is-cropped wp-block-gallery-11 is-layout-flex wp-block-gallery-is-layout-flex\">\n<figure class=\"wp-block-image size-full is-style-setgray\"><img decoding=\"async\" data-id=\"6481\" data-src=\"https:\/\/www.agrarsystems.nl\/wp-content\/uploads\/2025\/09\/DT-Dijkstra_Logo.jpg\" alt=\"\" class=\"wp-image-6481 lazyload\" src=\"data:image\/svg+xml;base64,PHN2ZyB3aWR0aD0iMSIgaGVpZ2h0PSIxIiB4bWxucz0iaHR0cDovL3d3dy53My5vcmcvMjAwMC9zdmciPjwvc3ZnPg==\" style=\"--smush-placeholder-width: 1920px; --smush-placeholder-aspect-ratio: 1920\/854;\" \/><\/figure>\n<\/figure>\n<\/div>\n\n\n\n<div class=\"wp-block-column is-layout-flow wp-block-column-is-layout-flow\">\n<figure class=\"wp-block-gallery has-nested-images columns-default is-cropped wp-block-gallery-12 is-layout-flex wp-block-gallery-is-layout-flex\"><\/figure>\n<\/div>\n<\/div>\n<\/div>\n<\/div>\n\n\n\n<div style=\"height:25px\" aria-hidden=\"true\" class=\"wp-block-spacer\"><\/div>\n\n\n\n\n\n<div class=\"wp-block-group alignfull is-style-borderradius is-layout-flow wp-block-group-is-layout-flow\">\n<h2 class=\"wp-block-heading\"><strong>Unsere Spezialit\u00e4ten<\/strong><\/h2>\n\n\n\n<div class=\"wp-block-columns is-layout-flex wp-container-core-columns-is-layout-28f84493 wp-block-columns-is-layout-flex\">\n<div class=\"wp-block-column is-layout-flow wp-block-column-is-layout-flow\">\n\n<\/div>\n\n\n\n<div class=\"wp-block-column is-layout-flow wp-block-column-is-layout-flow\">\n\n<\/div>\n<\/div>\n<\/div>\n\n\n\n<div style=\"height:100px\" aria-hidden=\"true\" class=\"wp-block-spacer\"><\/div>\n\n\n\n<div class=\"wp-block-columns is-layout-flex wp-container-core-columns-is-layout-28f84493 wp-block-columns-is-layout-flex\">\n<div class=\"wp-block-column is-layout-flow wp-block-column-is-layout-flow\" style=\"flex-basis:66.66%\">\n<h2 class=\"wp-block-heading is-style-borderleft\"><strong>\u00dcber Agrar Systems<\/strong><\/h2>\n\n\n\n<p>Wir sind ein dienstleistungsorientiertes Handels-\/Mechanisierungsunternehmen, das sich auf Nachernteverarbeitungstechnik f\u00fcr die Landwirtschaft und die Industrie spezialisiert hat. Dank unserer langj\u00e4hrigen Erfahrung mit zahlreichen Unternehmen im In- und Ausland sind wir ein ausgezeichneter Partner und haben die besten L\u00f6sungen f\u00fcr Ihr Unternehmen. Wir arbeiten mit professionellen Partnern zusammen und haben eisenstarke Marken in unserem Sortiment!<\/p>\n\n\n\n<div style=\"height:25px\" aria-hidden=\"true\" class=\"wp-block-spacer\"><\/div>\n\n\n\n<h2 class=\"wp-block-heading has-text-align-center\">Erfahrungen von Dritten<\/h2>\n\n\n\n<hr class=\"wp-block-separator has-alpha-channel-opacity\"\/>\n\n\n\n<blockquote class=\"wp-block-quote has-text-align-center is-layout-flow wp-block-quote-is-layout-flow\">\n<p class=\"has-text-align-center\"><strong>&#8221;Seit einigen Jahren arbeiten wir mit der Firma Agrar Systems zusammen und sind mit dem Service sehr zufrieden. In unserem Betrieb laufen zwei Palettierer und zwei Absackautomaten die sehr zuverl\u00e4ssig arbeiten. Bei m\u00f6glichen Bedienschwierigkeiten &nbsp;spielt die Entfernung keine Rolle da, ein direkter Zugriff auf die Software \u00fcber das Interner m\u00f6glich ist. Wir k\u00f6nnen eine Zusammenarbeit mit der Firma Agrar Systems nur empfehlen.&#8221;<\/strong><\/p>\n<cite>Mohr Potatoes &#8211; gr\u00f6\u00dfer Ackerbaubetrieb mit dem Schwerpunkt Pflanzkartoffeln<\/cite><\/blockquote>\n\n\n\n<hr class=\"wp-block-separator has-alpha-channel-opacity\"\/>\n\n\n\n<blockquote class=\"wp-block-quote has-text-align-center is-layout-flow wp-block-quote-is-layout-flow\">\n<p><strong>&#8220;Nachdem ich mein Unternehmen erweitert hatte, kam ich zu Agrar Systems und wurde mit offenen Armen empfangen. Sie stehen mir jederzeit mit ihrem Wissen und ihrer Erfahrung zur Verf\u00fcgung.&#8221;<\/strong><\/p>\n<cite>Martin Schoot Uiterkamp<\/cite><\/blockquote>\n\n\n\n<hr class=\"wp-block-separator has-alpha-channel-opacity\"\/>\n\n\n\n<blockquote class=\"wp-block-quote has-text-align-center is-layout-flow wp-block-quote-is-layout-flow\">\n<p><strong>&#8221;Die neuen Maschinen wurden wie vereinbart p\u00fcnktlich und sauber geliefert.&#8221;<\/strong><\/p>\n<cite>Mts Hettinga Tollebeek<\/cite><\/blockquote>\n\n\n\n<hr class=\"wp-block-separator has-alpha-channel-opacity\"\/>\n<\/div>\n\n\n\n<div class=\"wp-block-column is-layout-flow wp-block-column-is-layout-flow\" style=\"flex-basis:33.33%\"><\/div>\n<\/div>\n\n\n","protected":false},"excerpt":{"rendered":"<p>Unsere Marken Wir sind stolz auf unsere Marken. Die Marken, die wir vertreten, haben sich alle im Agrarsektor und dar\u00fcber hinaus bew\u00e4hrt. Durch Zusammenarbeit, Spezialisierung und Erfahrung k\u00f6nnen wir unseren Kunden die beste L\u00f6sung anbieten. Wir tun dies von unserem Hauptsitz in Emmeloord in den Niederlanden aus, aber wir haben auch Verkaufsstellen in Kanada, England [&hellip;]<\/p>\n","protected":false},"author":1,"featured_media":0,"parent":0,"menu_order":0,"comment_status":"closed","ping_status":"closed","template":"","meta":{"inline_featured_image":false,"footnotes":""},"class_list":["post-2141","page","type-page","status-publish","hentry"],"yoast_head":"<!-- This site is optimized with the Yoast SEO plugin v27.6 - https:\/\/yoast.com\/product\/yoast-seo-wordpress\/ -->\n<title>Agrar Systems<\/title>\n<meta name=\"robots\" content=\"index, follow, max-snippet:-1, max-image-preview:large, max-video-preview:-1\" \/>\n<link rel=\"canonical\" href=\"https:\/\/www.agrarsystems.nl\/de\/\" \/>\n<meta property=\"og:locale\" content=\"de_DE\" \/>\n<meta property=\"og:type\" content=\"article\" \/>\n<meta property=\"og:title\" content=\"Agrar Systems\" \/>\n<meta property=\"og:description\" content=\"Unsere Marken Wir sind stolz auf unsere Marken. Die Marken, die wir vertreten, haben sich alle im Agrarsektor und dar\u00fcber hinaus bew\u00e4hrt. Durch Zusammenarbeit, Spezialisierung und Erfahrung k\u00f6nnen wir unseren Kunden die beste L\u00f6sung anbieten. Wir tun dies von unserem Hauptsitz in Emmeloord in den Niederlanden aus, aber wir haben auch Verkaufsstellen in Kanada, England [&hellip;]\" \/>\n<meta property=\"og:url\" content=\"https:\/\/www.agrarsystems.nl\/de\/\" \/>\n<meta property=\"og:site_name\" content=\"Agrar Systems\" \/>\n<meta property=\"article:modified_time\" content=\"2025-09-16T15:38:04+00:00\" \/>\n<meta property=\"og:image\" content=\"https:\/\/www.agrarsystems.nl\/wp-content\/uploads\/2022\/11\/logo-agrar-3.png\" \/>\n<meta name=\"twitter:card\" content=\"summary_large_image\" \/>\n<meta name=\"twitter:label1\" content=\"Est. reading time\" \/>\n\t<meta name=\"twitter:data1\" content=\"3 minutes\" \/>\n<script type=\"application\/ld+json\" class=\"yoast-schema-graph\">{\"@context\":\"https:\\\/\\\/schema.org\",\"@graph\":[{\"@type\":\"WebPage\",\"@id\":\"https:\\\/\\\/www.agrarsystems.nl\\\/de\\\/\",\"url\":\"https:\\\/\\\/www.agrarsystems.nl\\\/de\\\/\",\"name\":\"Agrar Systems\",\"isPartOf\":{\"@id\":\"https:\\\/\\\/www.agrarsystems.nl\\\/de\\\/#website\"},\"primaryImageOfPage\":{\"@id\":\"https:\\\/\\\/www.agrarsystems.nl\\\/de\\\/#primaryimage\"},\"image\":{\"@id\":\"https:\\\/\\\/www.agrarsystems.nl\\\/de\\\/#primaryimage\"},\"thumbnailUrl\":\"https:\\\/\\\/www.agrarsystems.nl\\\/wp-content\\\/uploads\\\/2022\\\/11\\\/logo-agrar-3.png\",\"datePublished\":\"2022-02-21T15:59:30+00:00\",\"dateModified\":\"2025-09-16T15:38:04+00:00\",\"breadcrumb\":{\"@id\":\"https:\\\/\\\/www.agrarsystems.nl\\\/de\\\/#breadcrumb\"},\"inLanguage\":\"de-DE\",\"potentialAction\":[{\"@type\":\"ReadAction\",\"target\":[\"https:\\\/\\\/www.agrarsystems.nl\\\/de\\\/\"]}]},{\"@type\":\"ImageObject\",\"inLanguage\":\"de-DE\",\"@id\":\"https:\\\/\\\/www.agrarsystems.nl\\\/de\\\/#primaryimage\",\"url\":\"https:\\\/\\\/www.agrarsystems.nl\\\/wp-content\\\/uploads\\\/2022\\\/11\\\/logo-agrar-3.png\",\"contentUrl\":\"https:\\\/\\\/www.agrarsystems.nl\\\/wp-content\\\/uploads\\\/2022\\\/11\\\/logo-agrar-3.png\"},{\"@type\":\"BreadcrumbList\",\"@id\":\"https:\\\/\\\/www.agrarsystems.nl\\\/de\\\/#breadcrumb\",\"itemListElement\":[{\"@type\":\"ListItem\",\"position\":1,\"name\":\"Home\",\"item\":\"https:\\\/\\\/www.agrarsystems.nl\\\/de\\\/\"},{\"@type\":\"ListItem\",\"position\":2,\"name\":\"Homepage\"}]},{\"@type\":\"WebSite\",\"@id\":\"https:\\\/\\\/www.agrarsystems.nl\\\/de\\\/#website\",\"url\":\"https:\\\/\\\/www.agrarsystems.nl\\\/de\\\/\",\"name\":\"Agrar Systems\",\"description\":\"Uw betrouwbare service partner voor al u agrarische vraagstukken!\",\"potentialAction\":[{\"@type\":\"SearchAction\",\"target\":{\"@type\":\"EntryPoint\",\"urlTemplate\":\"https:\\\/\\\/www.agrarsystems.nl\\\/de\\\/?s={search_term_string}\"},\"query-input\":{\"@type\":\"PropertyValueSpecification\",\"valueRequired\":true,\"valueName\":\"search_term_string\"}}],\"inLanguage\":\"de-DE\"}]}<\/script>\n<!-- \/ Yoast SEO plugin. -->","yoast_head_json":{"title":"Agrar Systems","robots":{"index":"index","follow":"follow","max-snippet":"max-snippet:-1","max-image-preview":"max-image-preview:large","max-video-preview":"max-video-preview:-1"},"canonical":"https:\/\/www.agrarsystems.nl\/de\/","og_locale":"de_DE","og_type":"article","og_title":"Agrar Systems","og_description":"Unsere Marken Wir sind stolz auf unsere Marken. Die Marken, die wir vertreten, haben sich alle im Agrarsektor und dar\u00fcber hinaus bew\u00e4hrt. Durch Zusammenarbeit, Spezialisierung und Erfahrung k\u00f6nnen wir unseren Kunden die beste L\u00f6sung anbieten. Wir tun dies von unserem Hauptsitz in Emmeloord in den Niederlanden aus, aber wir haben auch Verkaufsstellen in Kanada, England [&hellip;]","og_url":"https:\/\/www.agrarsystems.nl\/de\/","og_site_name":"Agrar Systems","article_modified_time":"2025-09-16T15:38:04+00:00","og_image":[{"url":"https:\/\/www.agrarsystems.nl\/wp-content\/uploads\/2022\/11\/logo-agrar-3.png","type":"","width":"","height":""}],"twitter_card":"summary_large_image","twitter_misc":{"Est. reading time":"3 minutes"},"schema":{"@context":"https:\/\/schema.org","@graph":[{"@type":"WebPage","@id":"https:\/\/www.agrarsystems.nl\/de\/","url":"https:\/\/www.agrarsystems.nl\/de\/","name":"Agrar Systems","isPartOf":{"@id":"https:\/\/www.agrarsystems.nl\/de\/#website"},"primaryImageOfPage":{"@id":"https:\/\/www.agrarsystems.nl\/de\/#primaryimage"},"image":{"@id":"https:\/\/www.agrarsystems.nl\/de\/#primaryimage"},"thumbnailUrl":"https:\/\/www.agrarsystems.nl\/wp-content\/uploads\/2022\/11\/logo-agrar-3.png","datePublished":"2022-02-21T15:59:30+00:00","dateModified":"2025-09-16T15:38:04+00:00","breadcrumb":{"@id":"https:\/\/www.agrarsystems.nl\/de\/#breadcrumb"},"inLanguage":"de-DE","potentialAction":[{"@type":"ReadAction","target":["https:\/\/www.agrarsystems.nl\/de\/"]}]},{"@type":"ImageObject","inLanguage":"de-DE","@id":"https:\/\/www.agrarsystems.nl\/de\/#primaryimage","url":"https:\/\/www.agrarsystems.nl\/wp-content\/uploads\/2022\/11\/logo-agrar-3.png","contentUrl":"https:\/\/www.agrarsystems.nl\/wp-content\/uploads\/2022\/11\/logo-agrar-3.png"},{"@type":"BreadcrumbList","@id":"https:\/\/www.agrarsystems.nl\/de\/#breadcrumb","itemListElement":[{"@type":"ListItem","position":1,"name":"Home","item":"https:\/\/www.agrarsystems.nl\/de\/"},{"@type":"ListItem","position":2,"name":"Homepage"}]},{"@type":"WebSite","@id":"https:\/\/www.agrarsystems.nl\/de\/#website","url":"https:\/\/www.agrarsystems.nl\/de\/","name":"Agrar Systems","description":"Uw betrouwbare service partner voor al u agrarische vraagstukken!","potentialAction":[{"@type":"SearchAction","target":{"@type":"EntryPoint","urlTemplate":"https:\/\/www.agrarsystems.nl\/de\/?s={search_term_string}"},"query-input":{"@type":"PropertyValueSpecification","valueRequired":true,"valueName":"search_term_string"}}],"inLanguage":"de-DE"}]}},"_links":{"self":[{"href":"https:\/\/www.agrarsystems.nl\/de\/wp-json\/wp\/v2\/pages\/2141","targetHints":{"allow":["GET"]}}],"collection":[{"href":"https:\/\/www.agrarsystems.nl\/de\/wp-json\/wp\/v2\/pages"}],"about":[{"href":"https:\/\/www.agrarsystems.nl\/de\/wp-json\/wp\/v2\/types\/page"}],"author":[{"embeddable":true,"href":"https:\/\/www.agrarsystems.nl\/de\/wp-json\/wp\/v2\/users\/1"}],"replies":[{"embeddable":true,"href":"https:\/\/www.agrarsystems.nl\/de\/wp-json\/wp\/v2\/comments?post=2141"}],"version-history":[{"count":42,"href":"https:\/\/www.agrarsystems.nl\/de\/wp-json\/wp\/v2\/pages\/2141\/revisions"}],"predecessor-version":[{"id":6498,"href":"https:\/\/www.agrarsystems.nl\/de\/wp-json\/wp\/v2\/pages\/2141\/revisions\/6498"}],"wp:attachment":[{"href":"https:\/\/www.agrarsystems.nl\/de\/wp-json\/wp\/v2\/media?parent=2141"}],"curies":[{"name":"wp","href":"https:\/\/api.w.org\/{rel}","templated":true}]}}