{"id":2128,"date":"2022-03-23T13:00:00","date_gmt":"2022-03-23T13:00:00","guid":{"rendered":"https:\/\/www.agrarsystems.nl\/?page_id=2128"},"modified":"2022-11-21T15:19:55","modified_gmt":"2022-11-21T15:19:55","slug":"unser-ansatz","status":"publish","type":"page","link":"https:\/\/www.agrarsystems.nl\/de\/ueber-agrar-systems\/unser-ansatz\/","title":{"rendered":"Unser Ansatz"},"content":{"rendered":"\n<p>Unser Wissen und unsere Erfahrung machen uns zu einem guten Partner, wenn es darum geht, dich zu spezifischen Fragen in deinem Unternehmen zu beraten. Wir konzentrieren uns auf kundenorientierte L\u00f6sungen und maximalen Service. Wir haben ein gro\u00dfes Netzwerk und k\u00f6nnen durch die Zusammenarbeit mit renommierten Partnern schnell handeln.<\/p>\n\n\n\n<p><\/p>\n\n\n\n<div class=\"wp-block-columns is-layout-flex wp-container-core-columns-is-layout-28f84493 wp-block-columns-is-layout-flex\">\n<div class=\"wp-block-column is-layout-flow wp-block-column-is-layout-flow\">\n<figure class=\"wp-block-image aligncenter size-full\"><img fetchpriority=\"high\" decoding=\"async\" width=\"1000\" height=\"750\" src=\"https:\/\/www.agrarsystems.nl\/wp-content\/uploads\/2022\/03\/Lasactie.jpg\" alt=\"\" class=\"wp-image-493\" srcset=\"https:\/\/www.agrarsystems.nl\/wp-content\/uploads\/2022\/03\/Lasactie.jpg 1000w, https:\/\/www.agrarsystems.nl\/wp-content\/uploads\/2022\/03\/Lasactie-300x225.jpg 300w, https:\/\/www.agrarsystems.nl\/wp-content\/uploads\/2022\/03\/Lasactie-768x576.jpg 768w\" sizes=\"(max-width: 1000px) 100vw, 1000px\" \/><figcaption class=\"wp-element-caption\">Schwei\u00dfen<\/figcaption><\/figure>\n\n\n\n<figure class=\"wp-block-image size-full is-resized\"><img decoding=\"async\" data-src=\"https:\/\/www.agrarsystems.nl\/wp-content\/uploads\/2022\/03\/Besturingskast.jpg\" alt=\"\" class=\"wp-image-492 lazyload\" width=\"562\" height=\"421\" data-srcset=\"https:\/\/www.agrarsystems.nl\/wp-content\/uploads\/2022\/03\/Besturingskast.jpg 1000w, https:\/\/www.agrarsystems.nl\/wp-content\/uploads\/2022\/03\/Besturingskast-300x225.jpg 300w, https:\/\/www.agrarsystems.nl\/wp-content\/uploads\/2022\/03\/Besturingskast-768x576.jpg 768w\" data-sizes=\"(max-width: 562px) 100vw, 562px\" src=\"data:image\/svg+xml;base64,PHN2ZyB3aWR0aD0iMSIgaGVpZ2h0PSIxIiB4bWxucz0iaHR0cDovL3d3dy53My5vcmcvMjAwMC9zdmciPjwvc3ZnPg==\" style=\"--smush-placeholder-width: 562px; --smush-placeholder-aspect-ratio: 562\/421;\" \/><figcaption class=\"wp-element-caption\">Schaltkasten<\/figcaption><\/figure>\n<\/div>\n\n\n\n<div class=\"wp-block-column is-layout-flow wp-block-column-is-layout-flow\">\n<figure class=\"wp-block-image aligncenter size-full\"><img decoding=\"async\" width=\"1000\" height=\"750\" data-src=\"https:\/\/www.agrarsystems.nl\/wp-content\/uploads\/2022\/03\/Spuiten.jpg\" alt=\"\" class=\"wp-image-494 lazyload\" data-srcset=\"https:\/\/www.agrarsystems.nl\/wp-content\/uploads\/2022\/03\/Spuiten.jpg 1000w, https:\/\/www.agrarsystems.nl\/wp-content\/uploads\/2022\/03\/Spuiten-300x225.jpg 300w, https:\/\/www.agrarsystems.nl\/wp-content\/uploads\/2022\/03\/Spuiten-768x576.jpg 768w\" data-sizes=\"(max-width: 1000px) 100vw, 1000px\" src=\"data:image\/svg+xml;base64,PHN2ZyB3aWR0aD0iMSIgaGVpZ2h0PSIxIiB4bWxucz0iaHR0cDovL3d3dy53My5vcmcvMjAwMC9zdmciPjwvc3ZnPg==\" style=\"--smush-placeholder-width: 1000px; --smush-placeholder-aspect-ratio: 1000\/750;\" \/><figcaption class=\"wp-element-caption\">Spr\u00fchen<\/figcaption><\/figure>\n\n\n\n<figure class=\"wp-block-image size-full\"><img decoding=\"async\" width=\"1000\" height=\"750\" data-src=\"https:\/\/www.agrarsystems.nl\/wp-content\/uploads\/2022\/03\/Afbouw-nw-machine.jpg\" alt=\"\" class=\"wp-image-491 lazyload\" data-srcset=\"https:\/\/www.agrarsystems.nl\/wp-content\/uploads\/2022\/03\/Afbouw-nw-machine.jpg 1000w, https:\/\/www.agrarsystems.nl\/wp-content\/uploads\/2022\/03\/Afbouw-nw-machine-300x225.jpg 300w, https:\/\/www.agrarsystems.nl\/wp-content\/uploads\/2022\/03\/Afbouw-nw-machine-768x576.jpg 768w\" data-sizes=\"(max-width: 1000px) 100vw, 1000px\" src=\"data:image\/svg+xml;base64,PHN2ZyB3aWR0aD0iMSIgaGVpZ2h0PSIxIiB4bWxucz0iaHR0cDovL3d3dy53My5vcmcvMjAwMC9zdmciPjwvc3ZnPg==\" style=\"--smush-placeholder-width: 1000px; --smush-placeholder-aspect-ratio: 1000\/750;\" \/><figcaption class=\"wp-element-caption\">Aufbau<\/figcaption><\/figure>\n<\/div>\n<\/div>\n","protected":false},"excerpt":{"rendered":"<p>Unser Wissen und unsere Erfahrung machen uns zu einem guten Partner, wenn es darum geht, dich zu spezifischen Fragen in deinem Unternehmen zu beraten. Wir konzentrieren uns auf kundenorientierte L\u00f6sungen und maximalen Service. Wir haben ein gro\u00dfes Netzwerk und k\u00f6nnen durch die Zusammenarbeit mit renommierten Partnern schnell handeln.<\/p>\n","protected":false},"author":1,"featured_media":0,"parent":2126,"menu_order":12,"comment_status":"closed","ping_status":"closed","template":"page-sidebar-contact.php","meta":{"inline_featured_image":false,"footnotes":""},"class_list":["post-2128","page","type-page","status-publish","hentry"],"yoast_head":"<!-- This site is optimized with the Yoast SEO plugin v27.6 - https:\/\/yoast.com\/product\/yoast-seo-wordpress\/ -->\n<title>Unser Ansatz - Agrar Systems<\/title>\n<meta name=\"robots\" content=\"index, follow, max-snippet:-1, max-image-preview:large, max-video-preview:-1\" \/>\n<link rel=\"canonical\" href=\"https:\/\/www.agrarsystems.nl\/de\/ueber-agrar-systems\/unser-ansatz\/\" \/>\n<meta property=\"og:locale\" content=\"de_DE\" \/>\n<meta property=\"og:type\" content=\"article\" \/>\n<meta property=\"og:title\" content=\"Unser Ansatz - Agrar Systems\" \/>\n<meta property=\"og:description\" content=\"Unser Wissen und unsere Erfahrung machen uns zu einem guten Partner, wenn es darum geht, dich zu spezifischen Fragen in deinem Unternehmen zu beraten. Wir konzentrieren uns auf kundenorientierte L\u00f6sungen und maximalen Service. Wir haben ein gro\u00dfes Netzwerk und k\u00f6nnen durch die Zusammenarbeit mit renommierten Partnern schnell handeln.\" \/>\n<meta property=\"og:url\" content=\"https:\/\/www.agrarsystems.nl\/de\/ueber-agrar-systems\/unser-ansatz\/\" \/>\n<meta property=\"og:site_name\" content=\"Agrar Systems\" \/>\n<meta property=\"article:modified_time\" content=\"2022-11-21T15:19:55+00:00\" \/>\n<meta property=\"og:image\" content=\"https:\/\/www.agrarsystems.nl\/wp-content\/uploads\/2022\/03\/Lasactie.jpg\" \/>\n<meta name=\"twitter:card\" content=\"summary_large_image\" \/>\n<meta name=\"twitter:label1\" content=\"Est. reading time\" \/>\n\t<meta name=\"twitter:data1\" content=\"2 minutes\" \/>\n<script type=\"application\/ld+json\" class=\"yoast-schema-graph\">{\"@context\":\"https:\\\/\\\/schema.org\",\"@graph\":[{\"@type\":\"WebPage\",\"@id\":\"https:\\\/\\\/www.agrarsystems.nl\\\/de\\\/ueber-agrar-systems\\\/unser-ansatz\\\/\",\"url\":\"https:\\\/\\\/www.agrarsystems.nl\\\/de\\\/ueber-agrar-systems\\\/unser-ansatz\\\/\",\"name\":\"Unser Ansatz - Agrar Systems\",\"isPartOf\":{\"@id\":\"https:\\\/\\\/www.agrarsystems.nl\\\/de\\\/#website\"},\"primaryImageOfPage\":{\"@id\":\"https:\\\/\\\/www.agrarsystems.nl\\\/de\\\/ueber-agrar-systems\\\/unser-ansatz\\\/#primaryimage\"},\"image\":{\"@id\":\"https:\\\/\\\/www.agrarsystems.nl\\\/de\\\/ueber-agrar-systems\\\/unser-ansatz\\\/#primaryimage\"},\"thumbnailUrl\":\"https:\\\/\\\/www.agrarsystems.nl\\\/wp-content\\\/uploads\\\/2022\\\/03\\\/Lasactie.jpg\",\"datePublished\":\"2022-03-23T13:00:00+00:00\",\"dateModified\":\"2022-11-21T15:19:55+00:00\",\"breadcrumb\":{\"@id\":\"https:\\\/\\\/www.agrarsystems.nl\\\/de\\\/ueber-agrar-systems\\\/unser-ansatz\\\/#breadcrumb\"},\"inLanguage\":\"de-DE\",\"potentialAction\":[{\"@type\":\"ReadAction\",\"target\":[\"https:\\\/\\\/www.agrarsystems.nl\\\/de\\\/ueber-agrar-systems\\\/unser-ansatz\\\/\"]}]},{\"@type\":\"ImageObject\",\"inLanguage\":\"de-DE\",\"@id\":\"https:\\\/\\\/www.agrarsystems.nl\\\/de\\\/ueber-agrar-systems\\\/unser-ansatz\\\/#primaryimage\",\"url\":\"https:\\\/\\\/www.agrarsystems.nl\\\/wp-content\\\/uploads\\\/2022\\\/03\\\/Lasactie.jpg\",\"contentUrl\":\"https:\\\/\\\/www.agrarsystems.nl\\\/wp-content\\\/uploads\\\/2022\\\/03\\\/Lasactie.jpg\"},{\"@type\":\"BreadcrumbList\",\"@id\":\"https:\\\/\\\/www.agrarsystems.nl\\\/de\\\/ueber-agrar-systems\\\/unser-ansatz\\\/#breadcrumb\",\"itemListElement\":[{\"@type\":\"ListItem\",\"position\":1,\"name\":\"Home\",\"item\":\"https:\\\/\\\/www.agrarsystems.nl\\\/de\\\/\"},{\"@type\":\"ListItem\",\"position\":2,\"name\":\"\u00dcber Agrar Systems\",\"item\":\"https:\\\/\\\/www.agrarsystems.nl\\\/de\\\/ueber-agrar-systems\\\/\"},{\"@type\":\"ListItem\",\"position\":3,\"name\":\"Unser Ansatz\"}]},{\"@type\":\"WebSite\",\"@id\":\"https:\\\/\\\/www.agrarsystems.nl\\\/de\\\/#website\",\"url\":\"https:\\\/\\\/www.agrarsystems.nl\\\/de\\\/\",\"name\":\"Agrar Systems\",\"description\":\"Uw betrouwbare service partner voor al u agrarische vraagstukken!\",\"potentialAction\":[{\"@type\":\"SearchAction\",\"target\":{\"@type\":\"EntryPoint\",\"urlTemplate\":\"https:\\\/\\\/www.agrarsystems.nl\\\/de\\\/?s={search_term_string}\"},\"query-input\":{\"@type\":\"PropertyValueSpecification\",\"valueRequired\":true,\"valueName\":\"search_term_string\"}}],\"inLanguage\":\"de-DE\"}]}<\/script>\n<!-- \/ Yoast SEO plugin. -->","yoast_head_json":{"title":"Unser Ansatz - Agrar Systems","robots":{"index":"index","follow":"follow","max-snippet":"max-snippet:-1","max-image-preview":"max-image-preview:large","max-video-preview":"max-video-preview:-1"},"canonical":"https:\/\/www.agrarsystems.nl\/de\/ueber-agrar-systems\/unser-ansatz\/","og_locale":"de_DE","og_type":"article","og_title":"Unser Ansatz - Agrar Systems","og_description":"Unser Wissen und unsere Erfahrung machen uns zu einem guten Partner, wenn es darum geht, dich zu spezifischen Fragen in deinem Unternehmen zu beraten. Wir konzentrieren uns auf kundenorientierte L\u00f6sungen und maximalen Service. Wir haben ein gro\u00dfes Netzwerk und k\u00f6nnen durch die Zusammenarbeit mit renommierten Partnern schnell handeln.","og_url":"https:\/\/www.agrarsystems.nl\/de\/ueber-agrar-systems\/unser-ansatz\/","og_site_name":"Agrar Systems","article_modified_time":"2022-11-21T15:19:55+00:00","og_image":[{"url":"https:\/\/www.agrarsystems.nl\/wp-content\/uploads\/2022\/03\/Lasactie.jpg","type":"","width":"","height":""}],"twitter_card":"summary_large_image","twitter_misc":{"Est. reading time":"2 minutes"},"schema":{"@context":"https:\/\/schema.org","@graph":[{"@type":"WebPage","@id":"https:\/\/www.agrarsystems.nl\/de\/ueber-agrar-systems\/unser-ansatz\/","url":"https:\/\/www.agrarsystems.nl\/de\/ueber-agrar-systems\/unser-ansatz\/","name":"Unser Ansatz - Agrar Systems","isPartOf":{"@id":"https:\/\/www.agrarsystems.nl\/de\/#website"},"primaryImageOfPage":{"@id":"https:\/\/www.agrarsystems.nl\/de\/ueber-agrar-systems\/unser-ansatz\/#primaryimage"},"image":{"@id":"https:\/\/www.agrarsystems.nl\/de\/ueber-agrar-systems\/unser-ansatz\/#primaryimage"},"thumbnailUrl":"https:\/\/www.agrarsystems.nl\/wp-content\/uploads\/2022\/03\/Lasactie.jpg","datePublished":"2022-03-23T13:00:00+00:00","dateModified":"2022-11-21T15:19:55+00:00","breadcrumb":{"@id":"https:\/\/www.agrarsystems.nl\/de\/ueber-agrar-systems\/unser-ansatz\/#breadcrumb"},"inLanguage":"de-DE","potentialAction":[{"@type":"ReadAction","target":["https:\/\/www.agrarsystems.nl\/de\/ueber-agrar-systems\/unser-ansatz\/"]}]},{"@type":"ImageObject","inLanguage":"de-DE","@id":"https:\/\/www.agrarsystems.nl\/de\/ueber-agrar-systems\/unser-ansatz\/#primaryimage","url":"https:\/\/www.agrarsystems.nl\/wp-content\/uploads\/2022\/03\/Lasactie.jpg","contentUrl":"https:\/\/www.agrarsystems.nl\/wp-content\/uploads\/2022\/03\/Lasactie.jpg"},{"@type":"BreadcrumbList","@id":"https:\/\/www.agrarsystems.nl\/de\/ueber-agrar-systems\/unser-ansatz\/#breadcrumb","itemListElement":[{"@type":"ListItem","position":1,"name":"Home","item":"https:\/\/www.agrarsystems.nl\/de\/"},{"@type":"ListItem","position":2,"name":"\u00dcber Agrar Systems","item":"https:\/\/www.agrarsystems.nl\/de\/ueber-agrar-systems\/"},{"@type":"ListItem","position":3,"name":"Unser Ansatz"}]},{"@type":"WebSite","@id":"https:\/\/www.agrarsystems.nl\/de\/#website","url":"https:\/\/www.agrarsystems.nl\/de\/","name":"Agrar Systems","description":"Uw betrouwbare service partner voor al u agrarische vraagstukken!","potentialAction":[{"@type":"SearchAction","target":{"@type":"EntryPoint","urlTemplate":"https:\/\/www.agrarsystems.nl\/de\/?s={search_term_string}"},"query-input":{"@type":"PropertyValueSpecification","valueRequired":true,"valueName":"search_term_string"}}],"inLanguage":"de-DE"}]}},"_links":{"self":[{"href":"https:\/\/www.agrarsystems.nl\/de\/wp-json\/wp\/v2\/pages\/2128","targetHints":{"allow":["GET"]}}],"collection":[{"href":"https:\/\/www.agrarsystems.nl\/de\/wp-json\/wp\/v2\/pages"}],"about":[{"href":"https:\/\/www.agrarsystems.nl\/de\/wp-json\/wp\/v2\/types\/page"}],"author":[{"embeddable":true,"href":"https:\/\/www.agrarsystems.nl\/de\/wp-json\/wp\/v2\/users\/1"}],"replies":[{"embeddable":true,"href":"https:\/\/www.agrarsystems.nl\/de\/wp-json\/wp\/v2\/comments?post=2128"}],"version-history":[{"count":5,"href":"https:\/\/www.agrarsystems.nl\/de\/wp-json\/wp\/v2\/pages\/2128\/revisions"}],"predecessor-version":[{"id":2807,"href":"https:\/\/www.agrarsystems.nl\/de\/wp-json\/wp\/v2\/pages\/2128\/revisions\/2807"}],"up":[{"embeddable":true,"href":"https:\/\/www.agrarsystems.nl\/de\/wp-json\/wp\/v2\/pages\/2126"}],"wp:attachment":[{"href":"https:\/\/www.agrarsystems.nl\/de\/wp-json\/wp\/v2\/media?parent=2128"}],"curies":[{"name":"wp","href":"https:\/\/api.w.org\/{rel}","templated":true}]}}